{"id":9966,"date":"2024-04-20T22:38:04","date_gmt":"2024-04-20T19:38:04","guid":{"rendered":"https:\/\/hamsayapi.com\/?post_type=product&#038;p=9966"},"modified":"2024-04-20T22:38:04","modified_gmt":"2024-04-20T19:38:04","slug":"bi-metal-panc-adaptoru-hex","status":"publish","type":"product","link":"https:\/\/hamsayapi.com\/index.php\/urun\/bi-metal-panc-adaptoru-hex\/","title":{"rendered":"Bi-Metal Pan\u00e7 Adapt\u00f6r\u00fc Hex"},"content":{"rendered":"","protected":false},"excerpt":{"rendered":"","protected":false},"featured_media":9967,"comment_status":"open","ping_status":"closed","template":"","meta":[],"pwb-brand":[],"product_brand":[],"product_cat":[118,140],"product_tag":[385],"class_list":{"0":"post-9966","1":"product","2":"type-product","3":"status-publish","4":"has-post-thumbnail","6":"product_cat-kesme-delme-ve-asindiricilar","7":"product_cat-panc-grubu","8":"product_tag-bi-metal-panc-adaptoru-hex","10":"first","11":"instock","12":"shipping-taxable","13":"product-type-simple"},"brands":[],"_links":{"self":[{"href":"https:\/\/hamsayapi.com\/index.php\/wp-json\/wp\/v2\/product\/9966","targetHints":{"allow":["GET"]}}],"collection":[{"href":"https:\/\/hamsayapi.com\/index.php\/wp-json\/wp\/v2\/product"}],"about":[{"href":"https:\/\/hamsayapi.com\/index.php\/wp-json\/wp\/v2\/types\/product"}],"replies":[{"embeddable":true,"href":"https:\/\/hamsayapi.com\/index.php\/wp-json\/wp\/v2\/comments?post=9966"}],"version-history":[{"count":2,"href":"https:\/\/hamsayapi.com\/index.php\/wp-json\/wp\/v2\/product\/9966\/revisions"}],"predecessor-version":[{"id":9969,"href":"https:\/\/hamsayapi.com\/index.php\/wp-json\/wp\/v2\/product\/9966\/revisions\/9969"}],"wp:featuredmedia":[{"embeddable":true,"href":"https:\/\/hamsayapi.com\/index.php\/wp-json\/wp\/v2\/media\/9967"}],"wp:attachment":[{"href":"https:\/\/hamsayapi.com\/index.php\/wp-json\/wp\/v2\/media?parent=9966"}],"wp:term":[{"taxonomy":"pwb-brand","embeddable":true,"href":"https:\/\/hamsayapi.com\/index.php\/wp-json\/wp\/v2\/pwb-brand?post=9966"},{"taxonomy":"product_brand","embeddable":true,"href":"https:\/\/hamsayapi.com\/index.php\/wp-json\/wp\/v2\/product_brand?post=9966"},{"taxonomy":"product_cat","embeddable":true,"href":"https:\/\/hamsayapi.com\/index.php\/wp-json\/wp\/v2\/product_cat?post=9966"},{"taxonomy":"product_tag","embeddable":true,"href":"https:\/\/hamsayapi.com\/index.php\/wp-json\/wp\/v2\/product_tag?post=9966"}],"curies":[{"name":"wp","href":"https:\/\/api.w.org\/{rel}","templated":true}]}}