{"id":9924,"date":"2024-04-20T00:55:42","date_gmt":"2024-04-19T21:55:42","guid":{"rendered":"https:\/\/hamsayapi.com\/?post_type=product&#038;p=9924"},"modified":"2024-04-20T00:55:43","modified_gmt":"2024-04-19T21:55:43","slug":"pimli-sacakli-tel-firca","status":"publish","type":"product","link":"https:\/\/hamsayapi.com\/index.php\/urun\/pimli-sacakli-tel-firca\/","title":{"rendered":"Pimli Sa\u00e7akl\u0131 Tel F\u0131r\u00e7a"},"content":{"rendered":"","protected":false},"excerpt":{"rendered":"","protected":false},"featured_media":9925,"comment_status":"open","ping_status":"closed","template":"","meta":[],"pwb-brand":[],"product_brand":[],"product_cat":[118,138],"product_tag":[373],"class_list":{"0":"post-9924","1":"product","2":"type-product","3":"status-publish","4":"has-post-thumbnail","6":"product_cat-kesme-delme-ve-asindiricilar","7":"product_cat-tel-fircalar","8":"product_tag-pimli-sacakli-tel-firca","10":"first","11":"instock","12":"shipping-taxable","13":"product-type-simple"},"brands":[],"_links":{"self":[{"href":"https:\/\/hamsayapi.com\/index.php\/wp-json\/wp\/v2\/product\/9924","targetHints":{"allow":["GET"]}}],"collection":[{"href":"https:\/\/hamsayapi.com\/index.php\/wp-json\/wp\/v2\/product"}],"about":[{"href":"https:\/\/hamsayapi.com\/index.php\/wp-json\/wp\/v2\/types\/product"}],"replies":[{"embeddable":true,"href":"https:\/\/hamsayapi.com\/index.php\/wp-json\/wp\/v2\/comments?post=9924"}],"version-history":[{"count":1,"href":"https:\/\/hamsayapi.com\/index.php\/wp-json\/wp\/v2\/product\/9924\/revisions"}],"predecessor-version":[{"id":9926,"href":"https:\/\/hamsayapi.com\/index.php\/wp-json\/wp\/v2\/product\/9924\/revisions\/9926"}],"wp:featuredmedia":[{"embeddable":true,"href":"https:\/\/hamsayapi.com\/index.php\/wp-json\/wp\/v2\/media\/9925"}],"wp:attachment":[{"href":"https:\/\/hamsayapi.com\/index.php\/wp-json\/wp\/v2\/media?parent=9924"}],"wp:term":[{"taxonomy":"pwb-brand","embeddable":true,"href":"https:\/\/hamsayapi.com\/index.php\/wp-json\/wp\/v2\/pwb-brand?post=9924"},{"taxonomy":"product_brand","embeddable":true,"href":"https:\/\/hamsayapi.com\/index.php\/wp-json\/wp\/v2\/product_brand?post=9924"},{"taxonomy":"product_cat","embeddable":true,"href":"https:\/\/hamsayapi.com\/index.php\/wp-json\/wp\/v2\/product_cat?post=9924"},{"taxonomy":"product_tag","embeddable":true,"href":"https:\/\/hamsayapi.com\/index.php\/wp-json\/wp\/v2\/product_tag?post=9924"}],"curies":[{"name":"wp","href":"https:\/\/api.w.org\/{rel}","templated":true}]}}