{"id":9899,"date":"2024-04-20T00:51:19","date_gmt":"2024-04-19T21:51:19","guid":{"rendered":"https:\/\/hamsayapi.com\/?post_type=product&#038;p=9899"},"modified":"2024-04-20T00:51:32","modified_gmt":"2024-04-19T21:51:32","slug":"canak-fircalar","status":"publish","type":"product","link":"https:\/\/hamsayapi.com\/index.php\/urun\/canak-fircalar\/","title":{"rendered":"\u00c7anak F\u0131r\u00e7alar"},"content":{"rendered":"","protected":false},"excerpt":{"rendered":"","protected":false},"featured_media":9900,"comment_status":"open","ping_status":"closed","template":"","meta":[],"pwb-brand":[],"product_brand":[],"product_cat":[118,138],"product_tag":[366],"class_list":{"0":"post-9899","1":"product","2":"type-product","3":"status-publish","4":"has-post-thumbnail","6":"product_cat-kesme-delme-ve-asindiricilar","7":"product_cat-tel-fircalar","8":"product_tag-canak-fircalar","10":"first","11":"instock","12":"shipping-taxable","13":"product-type-simple"},"brands":[],"_links":{"self":[{"href":"https:\/\/hamsayapi.com\/index.php\/wp-json\/wp\/v2\/product\/9899","targetHints":{"allow":["GET"]}}],"collection":[{"href":"https:\/\/hamsayapi.com\/index.php\/wp-json\/wp\/v2\/product"}],"about":[{"href":"https:\/\/hamsayapi.com\/index.php\/wp-json\/wp\/v2\/types\/product"}],"replies":[{"embeddable":true,"href":"https:\/\/hamsayapi.com\/index.php\/wp-json\/wp\/v2\/comments?post=9899"}],"version-history":[{"count":2,"href":"https:\/\/hamsayapi.com\/index.php\/wp-json\/wp\/v2\/product\/9899\/revisions"}],"predecessor-version":[{"id":9902,"href":"https:\/\/hamsayapi.com\/index.php\/wp-json\/wp\/v2\/product\/9899\/revisions\/9902"}],"wp:featuredmedia":[{"embeddable":true,"href":"https:\/\/hamsayapi.com\/index.php\/wp-json\/wp\/v2\/media\/9900"}],"wp:attachment":[{"href":"https:\/\/hamsayapi.com\/index.php\/wp-json\/wp\/v2\/media?parent=9899"}],"wp:term":[{"taxonomy":"pwb-brand","embeddable":true,"href":"https:\/\/hamsayapi.com\/index.php\/wp-json\/wp\/v2\/pwb-brand?post=9899"},{"taxonomy":"product_brand","embeddable":true,"href":"https:\/\/hamsayapi.com\/index.php\/wp-json\/wp\/v2\/product_brand?post=9899"},{"taxonomy":"product_cat","embeddable":true,"href":"https:\/\/hamsayapi.com\/index.php\/wp-json\/wp\/v2\/product_cat?post=9899"},{"taxonomy":"product_tag","embeddable":true,"href":"https:\/\/hamsayapi.com\/index.php\/wp-json\/wp\/v2\/product_tag?post=9899"}],"curies":[{"name":"wp","href":"https:\/\/api.w.org\/{rel}","templated":true}]}}