{"id":9881,"date":"2024-04-20T00:47:54","date_gmt":"2024-04-19T21:47:54","guid":{"rendered":"https:\/\/hamsayapi.com\/?post_type=product&#038;p=9881"},"modified":"2024-04-20T00:48:17","modified_gmt":"2024-04-19T21:48:17","slug":"palanya-bicaklari","status":"publish","type":"product","link":"https:\/\/hamsayapi.com\/index.php\/urun\/palanya-bicaklari\/","title":{"rendered":"Palanya B\u0131\u00e7aklar\u0131"},"content":{"rendered":"","protected":false},"excerpt":{"rendered":"","protected":false},"featured_media":9882,"comment_status":"open","ping_status":"closed","template":"","meta":[],"pwb-brand":[],"product_brand":[],"product_cat":[137,118],"product_tag":[361],"class_list":{"0":"post-9881","1":"product","2":"type-product","3":"status-publish","4":"has-post-thumbnail","6":"product_cat-freze-uclari-ve-palanya-bicaklari","7":"product_cat-kesme-delme-ve-asindiricilar","8":"product_tag-palanya-bicaklari","10":"first","11":"instock","12":"shipping-taxable","13":"product-type-simple"},"brands":[],"_links":{"self":[{"href":"https:\/\/hamsayapi.com\/index.php\/wp-json\/wp\/v2\/product\/9881","targetHints":{"allow":["GET"]}}],"collection":[{"href":"https:\/\/hamsayapi.com\/index.php\/wp-json\/wp\/v2\/product"}],"about":[{"href":"https:\/\/hamsayapi.com\/index.php\/wp-json\/wp\/v2\/types\/product"}],"replies":[{"embeddable":true,"href":"https:\/\/hamsayapi.com\/index.php\/wp-json\/wp\/v2\/comments?post=9881"}],"version-history":[{"count":2,"href":"https:\/\/hamsayapi.com\/index.php\/wp-json\/wp\/v2\/product\/9881\/revisions"}],"predecessor-version":[{"id":9884,"href":"https:\/\/hamsayapi.com\/index.php\/wp-json\/wp\/v2\/product\/9881\/revisions\/9884"}],"wp:featuredmedia":[{"embeddable":true,"href":"https:\/\/hamsayapi.com\/index.php\/wp-json\/wp\/v2\/media\/9882"}],"wp:attachment":[{"href":"https:\/\/hamsayapi.com\/index.php\/wp-json\/wp\/v2\/media?parent=9881"}],"wp:term":[{"taxonomy":"pwb-brand","embeddable":true,"href":"https:\/\/hamsayapi.com\/index.php\/wp-json\/wp\/v2\/pwb-brand?post=9881"},{"taxonomy":"product_brand","embeddable":true,"href":"https:\/\/hamsayapi.com\/index.php\/wp-json\/wp\/v2\/product_brand?post=9881"},{"taxonomy":"product_cat","embeddable":true,"href":"https:\/\/hamsayapi.com\/index.php\/wp-json\/wp\/v2\/product_cat?post=9881"},{"taxonomy":"product_tag","embeddable":true,"href":"https:\/\/hamsayapi.com\/index.php\/wp-json\/wp\/v2\/product_tag?post=9881"}],"curies":[{"name":"wp","href":"https:\/\/api.w.org\/{rel}","templated":true}]}}