{"id":9877,"date":"2024-04-20T00:47:22","date_gmt":"2024-04-19T21:47:22","guid":{"rendered":"https:\/\/hamsayapi.com\/?post_type=product&#038;p=9877"},"modified":"2024-04-20T00:47:22","modified_gmt":"2024-04-19T21:47:22","slug":"esit-bicimlendirme-uclari","status":"publish","type":"product","link":"https:\/\/hamsayapi.com\/index.php\/urun\/esit-bicimlendirme-uclari\/","title":{"rendered":"E\u015fit Bi\u00e7imlendirme U\u00e7lar\u0131"},"content":{"rendered":"","protected":false},"excerpt":{"rendered":"","protected":false},"featured_media":9878,"comment_status":"open","ping_status":"closed","template":"","meta":[],"pwb-brand":[],"product_brand":[],"product_cat":[137,118],"product_tag":[360],"class_list":{"0":"post-9877","1":"product","2":"type-product","3":"status-publish","4":"has-post-thumbnail","6":"product_cat-freze-uclari-ve-palanya-bicaklari","7":"product_cat-kesme-delme-ve-asindiricilar","8":"product_tag-esit-bicimlendirme-uclari","10":"first","11":"instock","12":"shipping-taxable","13":"product-type-simple"},"brands":[],"_links":{"self":[{"href":"https:\/\/hamsayapi.com\/index.php\/wp-json\/wp\/v2\/product\/9877","targetHints":{"allow":["GET"]}}],"collection":[{"href":"https:\/\/hamsayapi.com\/index.php\/wp-json\/wp\/v2\/product"}],"about":[{"href":"https:\/\/hamsayapi.com\/index.php\/wp-json\/wp\/v2\/types\/product"}],"replies":[{"embeddable":true,"href":"https:\/\/hamsayapi.com\/index.php\/wp-json\/wp\/v2\/comments?post=9877"}],"version-history":[{"count":2,"href":"https:\/\/hamsayapi.com\/index.php\/wp-json\/wp\/v2\/product\/9877\/revisions"}],"predecessor-version":[{"id":9880,"href":"https:\/\/hamsayapi.com\/index.php\/wp-json\/wp\/v2\/product\/9877\/revisions\/9880"}],"wp:featuredmedia":[{"embeddable":true,"href":"https:\/\/hamsayapi.com\/index.php\/wp-json\/wp\/v2\/media\/9878"}],"wp:attachment":[{"href":"https:\/\/hamsayapi.com\/index.php\/wp-json\/wp\/v2\/media?parent=9877"}],"wp:term":[{"taxonomy":"pwb-brand","embeddable":true,"href":"https:\/\/hamsayapi.com\/index.php\/wp-json\/wp\/v2\/pwb-brand?post=9877"},{"taxonomy":"product_brand","embeddable":true,"href":"https:\/\/hamsayapi.com\/index.php\/wp-json\/wp\/v2\/product_brand?post=9877"},{"taxonomy":"product_cat","embeddable":true,"href":"https:\/\/hamsayapi.com\/index.php\/wp-json\/wp\/v2\/product_cat?post=9877"},{"taxonomy":"product_tag","embeddable":true,"href":"https:\/\/hamsayapi.com\/index.php\/wp-json\/wp\/v2\/product_tag?post=9877"}],"curies":[{"name":"wp","href":"https:\/\/api.w.org\/{rel}","templated":true}]}}