{"id":9849,"date":"2024-04-20T00:39:56","date_gmt":"2024-04-19T21:39:56","guid":{"rendered":"https:\/\/hamsayapi.com\/?post_type=product&#038;p=9849"},"modified":"2024-04-20T00:39:57","modified_gmt":"2024-04-19T21:39:57","slug":"din-1889-b-silindirik-sapli-kuresel-kalipci-freze","status":"publish","type":"product","link":"https:\/\/hamsayapi.com\/index.php\/urun\/din-1889-b-silindirik-sapli-kuresel-kalipci-freze\/","title":{"rendered":"DIN 1889-B Silindirik Sapl\u0131 K\u00fcresel Kal\u0131p\u00e7\u0131 Freze"},"content":{"rendered":"","protected":false},"excerpt":{"rendered":"","protected":false},"featured_media":9850,"comment_status":"open","ping_status":"closed","template":"","meta":[],"pwb-brand":[],"product_brand":[],"product_cat":[135,118,330],"product_tag":[352],"class_list":{"0":"post-9849","1":"product","2":"type-product","3":"status-publish","4":"has-post-thumbnail","6":"product_cat-frezeler","7":"product_cat-kesme-delme-ve-asindiricilar","8":"product_cat-saftli-freze","9":"product_tag-din-1889-b-silindirik-sapli-kuresel-kalipci-freze","11":"first","12":"instock","13":"shipping-taxable","14":"product-type-simple"},"brands":[],"_links":{"self":[{"href":"https:\/\/hamsayapi.com\/index.php\/wp-json\/wp\/v2\/product\/9849","targetHints":{"allow":["GET"]}}],"collection":[{"href":"https:\/\/hamsayapi.com\/index.php\/wp-json\/wp\/v2\/product"}],"about":[{"href":"https:\/\/hamsayapi.com\/index.php\/wp-json\/wp\/v2\/types\/product"}],"replies":[{"embeddable":true,"href":"https:\/\/hamsayapi.com\/index.php\/wp-json\/wp\/v2\/comments?post=9849"}],"version-history":[{"count":2,"href":"https:\/\/hamsayapi.com\/index.php\/wp-json\/wp\/v2\/product\/9849\/revisions"}],"predecessor-version":[{"id":9852,"href":"https:\/\/hamsayapi.com\/index.php\/wp-json\/wp\/v2\/product\/9849\/revisions\/9852"}],"wp:featuredmedia":[{"embeddable":true,"href":"https:\/\/hamsayapi.com\/index.php\/wp-json\/wp\/v2\/media\/9850"}],"wp:attachment":[{"href":"https:\/\/hamsayapi.com\/index.php\/wp-json\/wp\/v2\/media?parent=9849"}],"wp:term":[{"taxonomy":"pwb-brand","embeddable":true,"href":"https:\/\/hamsayapi.com\/index.php\/wp-json\/wp\/v2\/pwb-brand?post=9849"},{"taxonomy":"product_brand","embeddable":true,"href":"https:\/\/hamsayapi.com\/index.php\/wp-json\/wp\/v2\/product_brand?post=9849"},{"taxonomy":"product_cat","embeddable":true,"href":"https:\/\/hamsayapi.com\/index.php\/wp-json\/wp\/v2\/product_cat?post=9849"},{"taxonomy":"product_tag","embeddable":true,"href":"https:\/\/hamsayapi.com\/index.php\/wp-json\/wp\/v2\/product_tag?post=9849"}],"curies":[{"name":"wp","href":"https:\/\/api.w.org\/{rel}","templated":true}]}}