{"id":9785,"date":"2024-04-20T00:29:12","date_gmt":"2024-04-19T21:29:12","guid":{"rendered":"https:\/\/hamsayapi.com\/?post_type=product&#038;p=9785"},"modified":"2024-04-20T00:29:12","modified_gmt":"2024-04-19T21:29:12","slug":"din-856-dis-bukey-freze","status":"publish","type":"product","link":"https:\/\/hamsayapi.com\/index.php\/urun\/din-856-dis-bukey-freze\/","title":{"rendered":"DIN 856 D\u0131\u015f B\u00fckey Freze"},"content":{"rendered":"","protected":false},"excerpt":{"rendered":"","protected":false},"featured_media":9786,"comment_status":"open","ping_status":"closed","template":"","meta":[],"pwb-brand":[],"product_brand":[],"product_cat":[328,135,118],"product_tag":[334],"class_list":{"0":"post-9785","1":"product","2":"type-product","3":"status-publish","4":"has-post-thumbnail","6":"product_cat-delikli-frezeler","7":"product_cat-frezeler","8":"product_cat-kesme-delme-ve-asindiricilar","9":"product_tag-din-856-dis-bukey-freze","11":"first","12":"instock","13":"shipping-taxable","14":"product-type-simple"},"brands":[],"_links":{"self":[{"href":"https:\/\/hamsayapi.com\/index.php\/wp-json\/wp\/v2\/product\/9785","targetHints":{"allow":["GET"]}}],"collection":[{"href":"https:\/\/hamsayapi.com\/index.php\/wp-json\/wp\/v2\/product"}],"about":[{"href":"https:\/\/hamsayapi.com\/index.php\/wp-json\/wp\/v2\/types\/product"}],"replies":[{"embeddable":true,"href":"https:\/\/hamsayapi.com\/index.php\/wp-json\/wp\/v2\/comments?post=9785"}],"version-history":[{"count":1,"href":"https:\/\/hamsayapi.com\/index.php\/wp-json\/wp\/v2\/product\/9785\/revisions"}],"predecessor-version":[{"id":9787,"href":"https:\/\/hamsayapi.com\/index.php\/wp-json\/wp\/v2\/product\/9785\/revisions\/9787"}],"wp:featuredmedia":[{"embeddable":true,"href":"https:\/\/hamsayapi.com\/index.php\/wp-json\/wp\/v2\/media\/9786"}],"wp:attachment":[{"href":"https:\/\/hamsayapi.com\/index.php\/wp-json\/wp\/v2\/media?parent=9785"}],"wp:term":[{"taxonomy":"pwb-brand","embeddable":true,"href":"https:\/\/hamsayapi.com\/index.php\/wp-json\/wp\/v2\/pwb-brand?post=9785"},{"taxonomy":"product_brand","embeddable":true,"href":"https:\/\/hamsayapi.com\/index.php\/wp-json\/wp\/v2\/product_brand?post=9785"},{"taxonomy":"product_cat","embeddable":true,"href":"https:\/\/hamsayapi.com\/index.php\/wp-json\/wp\/v2\/product_cat?post=9785"},{"taxonomy":"product_tag","embeddable":true,"href":"https:\/\/hamsayapi.com\/index.php\/wp-json\/wp\/v2\/product_tag?post=9785"}],"curies":[{"name":"wp","href":"https:\/\/api.w.org\/{rel}","templated":true}]}}