{"id":9782,"date":"2024-04-20T00:28:30","date_gmt":"2024-04-19T21:28:30","guid":{"rendered":"https:\/\/hamsayapi.com\/?post_type=product&#038;p=9782"},"modified":"2024-04-20T00:28:30","modified_gmt":"2024-04-19T21:28:30","slug":"din-855-ic-bukey-freze-2","status":"publish","type":"product","link":"https:\/\/hamsayapi.com\/index.php\/urun\/din-855-ic-bukey-freze-2\/","title":{"rendered":"DIN 855 \u0130\u00e7 B\u00fckey Freze"},"content":{"rendered":"","protected":false},"excerpt":{"rendered":"","protected":false},"featured_media":9780,"comment_status":"open","ping_status":"closed","template":"","meta":[],"pwb-brand":[],"product_brand":[],"product_cat":[328,135,118],"product_tag":[333],"class_list":{"0":"post-9782","1":"product","2":"type-product","3":"status-publish","4":"has-post-thumbnail","6":"product_cat-delikli-frezeler","7":"product_cat-frezeler","8":"product_cat-kesme-delme-ve-asindiricilar","9":"product_tag-din-855-ic-bukey-freze","11":"first","12":"instock","13":"shipping-taxable","14":"product-type-simple"},"brands":[],"_links":{"self":[{"href":"https:\/\/hamsayapi.com\/index.php\/wp-json\/wp\/v2\/product\/9782","targetHints":{"allow":["GET"]}}],"collection":[{"href":"https:\/\/hamsayapi.com\/index.php\/wp-json\/wp\/v2\/product"}],"about":[{"href":"https:\/\/hamsayapi.com\/index.php\/wp-json\/wp\/v2\/types\/product"}],"replies":[{"embeddable":true,"href":"https:\/\/hamsayapi.com\/index.php\/wp-json\/wp\/v2\/comments?post=9782"}],"version-history":[{"count":2,"href":"https:\/\/hamsayapi.com\/index.php\/wp-json\/wp\/v2\/product\/9782\/revisions"}],"predecessor-version":[{"id":9784,"href":"https:\/\/hamsayapi.com\/index.php\/wp-json\/wp\/v2\/product\/9782\/revisions\/9784"}],"wp:featuredmedia":[{"embeddable":true,"href":"https:\/\/hamsayapi.com\/index.php\/wp-json\/wp\/v2\/media\/9780"}],"wp:attachment":[{"href":"https:\/\/hamsayapi.com\/index.php\/wp-json\/wp\/v2\/media?parent=9782"}],"wp:term":[{"taxonomy":"pwb-brand","embeddable":true,"href":"https:\/\/hamsayapi.com\/index.php\/wp-json\/wp\/v2\/pwb-brand?post=9782"},{"taxonomy":"product_brand","embeddable":true,"href":"https:\/\/hamsayapi.com\/index.php\/wp-json\/wp\/v2\/product_brand?post=9782"},{"taxonomy":"product_cat","embeddable":true,"href":"https:\/\/hamsayapi.com\/index.php\/wp-json\/wp\/v2\/product_cat?post=9782"},{"taxonomy":"product_tag","embeddable":true,"href":"https:\/\/hamsayapi.com\/index.php\/wp-json\/wp\/v2\/product_tag?post=9782"}],"curies":[{"name":"wp","href":"https:\/\/api.w.org\/{rel}","templated":true}]}}