{"id":9779,"date":"2024-04-20T00:27:59","date_gmt":"2024-04-19T21:27:59","guid":{"rendered":"https:\/\/hamsayapi.com\/?post_type=product&#038;p=9779"},"modified":"2024-04-20T00:27:59","modified_gmt":"2024-04-19T21:27:59","slug":"din-855-ic-bukey-freze","status":"publish","type":"product","link":"https:\/\/hamsayapi.com\/index.php\/urun\/din-855-ic-bukey-freze\/","title":{"rendered":"DIN 855 \u0130\u00e7 B\u00fckey Freze"},"content":{"rendered":"","protected":false},"excerpt":{"rendered":"","protected":false},"featured_media":9780,"comment_status":"open","ping_status":"closed","template":"","meta":[],"pwb-brand":[],"product_brand":[],"product_cat":[328,135,118],"product_tag":[333],"class_list":{"0":"post-9779","1":"product","2":"type-product","3":"status-publish","4":"has-post-thumbnail","6":"product_cat-delikli-frezeler","7":"product_cat-frezeler","8":"product_cat-kesme-delme-ve-asindiricilar","9":"product_tag-din-855-ic-bukey-freze","11":"first","12":"instock","13":"shipping-taxable","14":"product-type-simple"},"brands":[],"_links":{"self":[{"href":"https:\/\/hamsayapi.com\/index.php\/wp-json\/wp\/v2\/product\/9779","targetHints":{"allow":["GET"]}}],"collection":[{"href":"https:\/\/hamsayapi.com\/index.php\/wp-json\/wp\/v2\/product"}],"about":[{"href":"https:\/\/hamsayapi.com\/index.php\/wp-json\/wp\/v2\/types\/product"}],"replies":[{"embeddable":true,"href":"https:\/\/hamsayapi.com\/index.php\/wp-json\/wp\/v2\/comments?post=9779"}],"version-history":[{"count":1,"href":"https:\/\/hamsayapi.com\/index.php\/wp-json\/wp\/v2\/product\/9779\/revisions"}],"predecessor-version":[{"id":9781,"href":"https:\/\/hamsayapi.com\/index.php\/wp-json\/wp\/v2\/product\/9779\/revisions\/9781"}],"wp:featuredmedia":[{"embeddable":true,"href":"https:\/\/hamsayapi.com\/index.php\/wp-json\/wp\/v2\/media\/9780"}],"wp:attachment":[{"href":"https:\/\/hamsayapi.com\/index.php\/wp-json\/wp\/v2\/media?parent=9779"}],"wp:term":[{"taxonomy":"pwb-brand","embeddable":true,"href":"https:\/\/hamsayapi.com\/index.php\/wp-json\/wp\/v2\/pwb-brand?post=9779"},{"taxonomy":"product_brand","embeddable":true,"href":"https:\/\/hamsayapi.com\/index.php\/wp-json\/wp\/v2\/product_brand?post=9779"},{"taxonomy":"product_cat","embeddable":true,"href":"https:\/\/hamsayapi.com\/index.php\/wp-json\/wp\/v2\/product_cat?post=9779"},{"taxonomy":"product_tag","embeddable":true,"href":"https:\/\/hamsayapi.com\/index.php\/wp-json\/wp\/v2\/product_tag?post=9779"}],"curies":[{"name":"wp","href":"https:\/\/api.w.org\/{rel}","templated":true}]}}