{"id":9592,"date":"2024-04-19T23:44:53","date_gmt":"2024-04-19T20:44:53","guid":{"rendered":"https:\/\/hamsayapi.com\/?post_type=product&#038;p=9592"},"modified":"2024-04-19T23:44:53","modified_gmt":"2024-04-19T20:44:53","slug":"din-1869-3-gt-100-tipig-silindirik-sapli-cok-uzun-matkap-ucu","status":"publish","type":"product","link":"https:\/\/hamsayapi.com\/index.php\/urun\/din-1869-3-gt-100-tipig-silindirik-sapli-cok-uzun-matkap-ucu\/","title":{"rendered":"DIN 1869 -3 gt 100 tipi\u011f Silindirik Sapl\u0131 \u00c7ok Uzun Matkap Ucu"},"content":{"rendered":"","protected":false},"excerpt":{"rendered":"","protected":false},"featured_media":9593,"comment_status":"open","ping_status":"closed","template":"","meta":[],"pwb-brand":[],"product_brand":[],"product_cat":[118,131,256],"product_tag":[277],"class_list":{"0":"post-9592","1":"product","2":"type-product","3":"status-publish","4":"has-post-thumbnail","6":"product_cat-kesme-delme-ve-asindiricilar","7":"product_cat-matkap-uclari","8":"product_cat-silindirik-saplilar","9":"product_tag-din-1869-3-gt-100-tipig-silindirik-sapli-cok-uzun-matkap-ucu","11":"first","12":"instock","13":"shipping-taxable","14":"product-type-simple"},"brands":[],"_links":{"self":[{"href":"https:\/\/hamsayapi.com\/index.php\/wp-json\/wp\/v2\/product\/9592","targetHints":{"allow":["GET"]}}],"collection":[{"href":"https:\/\/hamsayapi.com\/index.php\/wp-json\/wp\/v2\/product"}],"about":[{"href":"https:\/\/hamsayapi.com\/index.php\/wp-json\/wp\/v2\/types\/product"}],"replies":[{"embeddable":true,"href":"https:\/\/hamsayapi.com\/index.php\/wp-json\/wp\/v2\/comments?post=9592"}],"version-history":[{"count":1,"href":"https:\/\/hamsayapi.com\/index.php\/wp-json\/wp\/v2\/product\/9592\/revisions"}],"predecessor-version":[{"id":9594,"href":"https:\/\/hamsayapi.com\/index.php\/wp-json\/wp\/v2\/product\/9592\/revisions\/9594"}],"wp:featuredmedia":[{"embeddable":true,"href":"https:\/\/hamsayapi.com\/index.php\/wp-json\/wp\/v2\/media\/9593"}],"wp:attachment":[{"href":"https:\/\/hamsayapi.com\/index.php\/wp-json\/wp\/v2\/media?parent=9592"}],"wp:term":[{"taxonomy":"pwb-brand","embeddable":true,"href":"https:\/\/hamsayapi.com\/index.php\/wp-json\/wp\/v2\/pwb-brand?post=9592"},{"taxonomy":"product_brand","embeddable":true,"href":"https:\/\/hamsayapi.com\/index.php\/wp-json\/wp\/v2\/product_brand?post=9592"},{"taxonomy":"product_cat","embeddable":true,"href":"https:\/\/hamsayapi.com\/index.php\/wp-json\/wp\/v2\/product_cat?post=9592"},{"taxonomy":"product_tag","embeddable":true,"href":"https:\/\/hamsayapi.com\/index.php\/wp-json\/wp\/v2\/product_tag?post=9592"}],"curies":[{"name":"wp","href":"https:\/\/api.w.org\/{rel}","templated":true}]}}