{"id":9556,"date":"2024-04-19T23:39:07","date_gmt":"2024-04-19T20:39:07","guid":{"rendered":"https:\/\/hamsayapi.com\/?post_type=product&#038;p=9556"},"modified":"2024-04-19T23:39:07","modified_gmt":"2024-04-19T20:39:07","slug":"hss-e-o-mte-normu-punta-curutme-matkap-ucu","status":"publish","type":"product","link":"https:\/\/hamsayapi.com\/index.php\/urun\/hss-e-o-mte-normu-punta-curutme-matkap-ucu\/","title":{"rendered":"HSS -E (o) MTE Normu Punta \u00c7\u00fcr\u00fctme Matkap Ucu"},"content":{"rendered":"","protected":false},"excerpt":{"rendered":"","protected":false},"featured_media":9557,"comment_status":"open","ping_status":"closed","template":"","meta":[],"pwb-brand":[],"product_brand":[],"product_cat":[118,131,255],"product_tag":[268],"class_list":{"0":"post-9556","1":"product","2":"type-product","3":"status-publish","4":"has-post-thumbnail","6":"product_cat-kesme-delme-ve-asindiricilar","7":"product_cat-matkap-uclari","8":"product_cat-punta-matkap-uclari","9":"product_tag-hss-e-o-mte-normu-punta-curutme-matkap-ucu","11":"first","12":"instock","13":"shipping-taxable","14":"product-type-simple"},"brands":[],"_links":{"self":[{"href":"https:\/\/hamsayapi.com\/index.php\/wp-json\/wp\/v2\/product\/9556","targetHints":{"allow":["GET"]}}],"collection":[{"href":"https:\/\/hamsayapi.com\/index.php\/wp-json\/wp\/v2\/product"}],"about":[{"href":"https:\/\/hamsayapi.com\/index.php\/wp-json\/wp\/v2\/types\/product"}],"replies":[{"embeddable":true,"href":"https:\/\/hamsayapi.com\/index.php\/wp-json\/wp\/v2\/comments?post=9556"}],"version-history":[{"count":2,"href":"https:\/\/hamsayapi.com\/index.php\/wp-json\/wp\/v2\/product\/9556\/revisions"}],"predecessor-version":[{"id":9559,"href":"https:\/\/hamsayapi.com\/index.php\/wp-json\/wp\/v2\/product\/9556\/revisions\/9559"}],"wp:featuredmedia":[{"embeddable":true,"href":"https:\/\/hamsayapi.com\/index.php\/wp-json\/wp\/v2\/media\/9557"}],"wp:attachment":[{"href":"https:\/\/hamsayapi.com\/index.php\/wp-json\/wp\/v2\/media?parent=9556"}],"wp:term":[{"taxonomy":"pwb-brand","embeddable":true,"href":"https:\/\/hamsayapi.com\/index.php\/wp-json\/wp\/v2\/pwb-brand?post=9556"},{"taxonomy":"product_brand","embeddable":true,"href":"https:\/\/hamsayapi.com\/index.php\/wp-json\/wp\/v2\/product_brand?post=9556"},{"taxonomy":"product_cat","embeddable":true,"href":"https:\/\/hamsayapi.com\/index.php\/wp-json\/wp\/v2\/product_cat?post=9556"},{"taxonomy":"product_tag","embeddable":true,"href":"https:\/\/hamsayapi.com\/index.php\/wp-json\/wp\/v2\/product_tag?post=9556"}],"curies":[{"name":"wp","href":"https:\/\/api.w.org\/{rel}","templated":true}]}}