{"id":9470,"date":"2024-04-19T23:22:15","date_gmt":"2024-04-19T20:22:15","guid":{"rendered":"https:\/\/hamsayapi.com\/?post_type=product&#038;p=9470"},"modified":"2024-04-19T23:22:15","modified_gmt":"2024-04-19T20:22:15","slug":"uc-kose-testere-egeleri","status":"publish","type":"product","link":"https:\/\/hamsayapi.com\/index.php\/urun\/uc-kose-testere-egeleri\/","title":{"rendered":"\u00dc\u00e7 K\u00f6\u015fe Testere E\u011feleri"},"content":{"rendered":"","protected":false},"excerpt":{"rendered":"","protected":false},"featured_media":9471,"comment_status":"open","ping_status":"closed","template":"","meta":[],"pwb-brand":[],"product_brand":[],"product_cat":[130,118],"product_tag":[242],"class_list":{"0":"post-9470","1":"product","2":"type-product","3":"status-publish","4":"has-post-thumbnail","6":"product_cat-egeler","7":"product_cat-kesme-delme-ve-asindiricilar","8":"product_tag-uc-kose-testere-egeleri","10":"first","11":"instock","12":"shipping-taxable","13":"product-type-simple"},"brands":[],"_links":{"self":[{"href":"https:\/\/hamsayapi.com\/index.php\/wp-json\/wp\/v2\/product\/9470","targetHints":{"allow":["GET"]}}],"collection":[{"href":"https:\/\/hamsayapi.com\/index.php\/wp-json\/wp\/v2\/product"}],"about":[{"href":"https:\/\/hamsayapi.com\/index.php\/wp-json\/wp\/v2\/types\/product"}],"replies":[{"embeddable":true,"href":"https:\/\/hamsayapi.com\/index.php\/wp-json\/wp\/v2\/comments?post=9470"}],"version-history":[{"count":1,"href":"https:\/\/hamsayapi.com\/index.php\/wp-json\/wp\/v2\/product\/9470\/revisions"}],"predecessor-version":[{"id":9472,"href":"https:\/\/hamsayapi.com\/index.php\/wp-json\/wp\/v2\/product\/9470\/revisions\/9472"}],"wp:featuredmedia":[{"embeddable":true,"href":"https:\/\/hamsayapi.com\/index.php\/wp-json\/wp\/v2\/media\/9471"}],"wp:attachment":[{"href":"https:\/\/hamsayapi.com\/index.php\/wp-json\/wp\/v2\/media?parent=9470"}],"wp:term":[{"taxonomy":"pwb-brand","embeddable":true,"href":"https:\/\/hamsayapi.com\/index.php\/wp-json\/wp\/v2\/pwb-brand?post=9470"},{"taxonomy":"product_brand","embeddable":true,"href":"https:\/\/hamsayapi.com\/index.php\/wp-json\/wp\/v2\/product_brand?post=9470"},{"taxonomy":"product_cat","embeddable":true,"href":"https:\/\/hamsayapi.com\/index.php\/wp-json\/wp\/v2\/product_cat?post=9470"},{"taxonomy":"product_tag","embeddable":true,"href":"https:\/\/hamsayapi.com\/index.php\/wp-json\/wp\/v2\/product_tag?post=9470"}],"curies":[{"name":"wp","href":"https:\/\/api.w.org\/{rel}","templated":true}]}}