{"id":9466,"date":"2024-04-19T23:21:29","date_gmt":"2024-04-19T20:21:29","guid":{"rendered":"https:\/\/hamsayapi.com\/?post_type=product&#038;p=9466"},"modified":"2024-04-19T23:21:29","modified_gmt":"2024-04-19T20:21:29","slug":"uc-kose-egeler","status":"publish","type":"product","link":"https:\/\/hamsayapi.com\/index.php\/urun\/uc-kose-egeler\/","title":{"rendered":"\u00dc\u00e7 K\u00f6\u015fe E\u011feler"},"content":{"rendered":"","protected":false},"excerpt":{"rendered":"","protected":false},"featured_media":9467,"comment_status":"open","ping_status":"closed","template":"","meta":[],"pwb-brand":[],"product_brand":[],"product_cat":[130,118],"product_tag":[241],"class_list":{"0":"post-9466","1":"product","2":"type-product","3":"status-publish","4":"has-post-thumbnail","6":"product_cat-egeler","7":"product_cat-kesme-delme-ve-asindiricilar","8":"product_tag-uc-kose-egeler","10":"first","11":"instock","12":"shipping-taxable","13":"product-type-simple"},"brands":[],"_links":{"self":[{"href":"https:\/\/hamsayapi.com\/index.php\/wp-json\/wp\/v2\/product\/9466","targetHints":{"allow":["GET"]}}],"collection":[{"href":"https:\/\/hamsayapi.com\/index.php\/wp-json\/wp\/v2\/product"}],"about":[{"href":"https:\/\/hamsayapi.com\/index.php\/wp-json\/wp\/v2\/types\/product"}],"replies":[{"embeddable":true,"href":"https:\/\/hamsayapi.com\/index.php\/wp-json\/wp\/v2\/comments?post=9466"}],"version-history":[{"count":2,"href":"https:\/\/hamsayapi.com\/index.php\/wp-json\/wp\/v2\/product\/9466\/revisions"}],"predecessor-version":[{"id":9469,"href":"https:\/\/hamsayapi.com\/index.php\/wp-json\/wp\/v2\/product\/9466\/revisions\/9469"}],"wp:featuredmedia":[{"embeddable":true,"href":"https:\/\/hamsayapi.com\/index.php\/wp-json\/wp\/v2\/media\/9467"}],"wp:attachment":[{"href":"https:\/\/hamsayapi.com\/index.php\/wp-json\/wp\/v2\/media?parent=9466"}],"wp:term":[{"taxonomy":"pwb-brand","embeddable":true,"href":"https:\/\/hamsayapi.com\/index.php\/wp-json\/wp\/v2\/pwb-brand?post=9466"},{"taxonomy":"product_brand","embeddable":true,"href":"https:\/\/hamsayapi.com\/index.php\/wp-json\/wp\/v2\/product_brand?post=9466"},{"taxonomy":"product_cat","embeddable":true,"href":"https:\/\/hamsayapi.com\/index.php\/wp-json\/wp\/v2\/product_cat?post=9466"},{"taxonomy":"product_tag","embeddable":true,"href":"https:\/\/hamsayapi.com\/index.php\/wp-json\/wp\/v2\/product_tag?post=9466"}],"curies":[{"name":"wp","href":"https:\/\/api.w.org\/{rel}","templated":true}]}}