{"id":9235,"date":"2024-04-17T22:57:07","date_gmt":"2024-04-17T19:57:07","guid":{"rendered":"https:\/\/hamsayapi.com\/?post_type=product&#038;p=9235"},"modified":"2024-04-17T22:57:07","modified_gmt":"2024-04-17T19:57:07","slug":"zirkonyum-f-kagit-cirtli-diskler","status":"publish","type":"product","link":"https:\/\/hamsayapi.com\/index.php\/urun\/zirkonyum-f-kagit-cirtli-diskler\/","title":{"rendered":"Zirkonyum F Ka\u011f\u0131t C\u0131rtl\u0131 Diskler"},"content":{"rendered":"","protected":false},"excerpt":{"rendered":"","protected":false},"featured_media":9236,"comment_status":"open","ping_status":"closed","template":"","meta":[],"pwb-brand":[],"product_brand":[],"product_cat":[125,118,122],"product_tag":[176],"class_list":{"0":"post-9235","1":"product","2":"type-product","3":"status-publish","4":"has-post-thumbnail","6":"product_cat-cirtli-diskler","7":"product_cat-kesme-delme-ve-asindiricilar","8":"product_cat-zimpara-cesitleri","9":"product_tag-zirkonyum-f-kagit-cirtli-diskler","11":"first","12":"instock","13":"shipping-taxable","14":"product-type-simple"},"brands":[],"_links":{"self":[{"href":"https:\/\/hamsayapi.com\/index.php\/wp-json\/wp\/v2\/product\/9235","targetHints":{"allow":["GET"]}}],"collection":[{"href":"https:\/\/hamsayapi.com\/index.php\/wp-json\/wp\/v2\/product"}],"about":[{"href":"https:\/\/hamsayapi.com\/index.php\/wp-json\/wp\/v2\/types\/product"}],"replies":[{"embeddable":true,"href":"https:\/\/hamsayapi.com\/index.php\/wp-json\/wp\/v2\/comments?post=9235"}],"version-history":[{"count":2,"href":"https:\/\/hamsayapi.com\/index.php\/wp-json\/wp\/v2\/product\/9235\/revisions"}],"predecessor-version":[{"id":9238,"href":"https:\/\/hamsayapi.com\/index.php\/wp-json\/wp\/v2\/product\/9235\/revisions\/9238"}],"wp:featuredmedia":[{"embeddable":true,"href":"https:\/\/hamsayapi.com\/index.php\/wp-json\/wp\/v2\/media\/9236"}],"wp:attachment":[{"href":"https:\/\/hamsayapi.com\/index.php\/wp-json\/wp\/v2\/media?parent=9235"}],"wp:term":[{"taxonomy":"pwb-brand","embeddable":true,"href":"https:\/\/hamsayapi.com\/index.php\/wp-json\/wp\/v2\/pwb-brand?post=9235"},{"taxonomy":"product_brand","embeddable":true,"href":"https:\/\/hamsayapi.com\/index.php\/wp-json\/wp\/v2\/product_brand?post=9235"},{"taxonomy":"product_cat","embeddable":true,"href":"https:\/\/hamsayapi.com\/index.php\/wp-json\/wp\/v2\/product_cat?post=9235"},{"taxonomy":"product_tag","embeddable":true,"href":"https:\/\/hamsayapi.com\/index.php\/wp-json\/wp\/v2\/product_tag?post=9235"}],"curies":[{"name":"wp","href":"https:\/\/api.w.org\/{rel}","templated":true}]}}