{"id":9062,"date":"2024-04-17T21:22:43","date_gmt":"2024-04-17T18:22:43","guid":{"rendered":"https:\/\/hamsayapi.com\/?post_type=product&#038;p=9062"},"modified":"2024-04-17T21:22:44","modified_gmt":"2024-04-17T18:22:44","slug":"ic-dis-olcum-icin-ozel-ekipmanlar","status":"publish","type":"product","link":"https:\/\/hamsayapi.com\/index.php\/urun\/ic-dis-olcum-icin-ozel-ekipmanlar\/","title":{"rendered":"\u0130\u00e7 D\u0131\u015f \u00d6l\u00e7\u00fcm \u0130\u00e7in \u00d6zel Ekipmanlar"},"content":{"rendered":"","protected":false},"excerpt":{"rendered":"","protected":false},"featured_media":9063,"comment_status":"open","ping_status":"closed","template":"","meta":[],"pwb-brand":[],"product_brand":[],"product_cat":[99],"product_tag":[101],"class_list":{"0":"post-9062","1":"product","2":"type-product","3":"status-publish","4":"has-post-thumbnail","6":"product_cat-test-ve-olcum-aletler","7":"product_tag-ic-dis-olcum-icin-ozel-ekipmanlar","9":"first","10":"instock","11":"shipping-taxable","12":"product-type-simple"},"brands":[],"_links":{"self":[{"href":"https:\/\/hamsayapi.com\/index.php\/wp-json\/wp\/v2\/product\/9062","targetHints":{"allow":["GET"]}}],"collection":[{"href":"https:\/\/hamsayapi.com\/index.php\/wp-json\/wp\/v2\/product"}],"about":[{"href":"https:\/\/hamsayapi.com\/index.php\/wp-json\/wp\/v2\/types\/product"}],"replies":[{"embeddable":true,"href":"https:\/\/hamsayapi.com\/index.php\/wp-json\/wp\/v2\/comments?post=9062"}],"version-history":[{"count":1,"href":"https:\/\/hamsayapi.com\/index.php\/wp-json\/wp\/v2\/product\/9062\/revisions"}],"predecessor-version":[{"id":9064,"href":"https:\/\/hamsayapi.com\/index.php\/wp-json\/wp\/v2\/product\/9062\/revisions\/9064"}],"wp:featuredmedia":[{"embeddable":true,"href":"https:\/\/hamsayapi.com\/index.php\/wp-json\/wp\/v2\/media\/9063"}],"wp:attachment":[{"href":"https:\/\/hamsayapi.com\/index.php\/wp-json\/wp\/v2\/media?parent=9062"}],"wp:term":[{"taxonomy":"pwb-brand","embeddable":true,"href":"https:\/\/hamsayapi.com\/index.php\/wp-json\/wp\/v2\/pwb-brand?post=9062"},{"taxonomy":"product_brand","embeddable":true,"href":"https:\/\/hamsayapi.com\/index.php\/wp-json\/wp\/v2\/product_brand?post=9062"},{"taxonomy":"product_cat","embeddable":true,"href":"https:\/\/hamsayapi.com\/index.php\/wp-json\/wp\/v2\/product_cat?post=9062"},{"taxonomy":"product_tag","embeddable":true,"href":"https:\/\/hamsayapi.com\/index.php\/wp-json\/wp\/v2\/product_tag?post=9062"}],"curies":[{"name":"wp","href":"https:\/\/api.w.org\/{rel}","templated":true}]}}