{"id":9048,"date":"2024-04-17T21:16:31","date_gmt":"2024-04-17T18:16:31","guid":{"rendered":"https:\/\/hamsayapi.com\/?post_type=product&#038;p=9048"},"modified":"2024-05-01T18:50:59","modified_gmt":"2024-05-01T15:50:59","slug":"beybi-korun-eldiven-uzun-konc","status":"publish","type":"product","link":"https:\/\/hamsayapi.com\/index.php\/urun\/beybi-korun-eldiven-uzun-konc\/","title":{"rendered":"Beybi Korun Eldiven Uzun Kon\u00e7"},"content":{"rendered":"","protected":false},"excerpt":{"rendered":"<p>Siyah d\u0131\u015f y\u00fczey, turuncu ve \u00f6zel<br \/>\np\u00fcr\u00fczs\u00fcz i\u00e7 y\u00fczeye sahiptir.<br \/>\nEkstra kal\u0131n ve uzunlu\u011fa sahiptir.(~45 cm) Sanayi alan\u0131nda<br \/>\ng\u00fcvenle kullan\u0131labilir. Petrol ar\u0131tma i\u015flemlerinde kullan\u0131labilir<\/p>\n","protected":false},"featured_media":9046,"comment_status":"open","ping_status":"closed","template":"","meta":[],"pwb-brand":[],"product_brand":[],"product_cat":[1937,80],"product_tag":[96],"class_list":{"0":"post-9048","1":"product","2":"type-product","3":"status-publish","4":"has-post-thumbnail","6":"product_cat-eldivenler","7":"product_cat-is-guvenligi","8":"product_tag-beybi-korun-eldiven-uzun-konc","10":"first","11":"instock","12":"shipping-taxable","13":"product-type-simple"},"brands":[],"_links":{"self":[{"href":"https:\/\/hamsayapi.com\/index.php\/wp-json\/wp\/v2\/product\/9048","targetHints":{"allow":["GET"]}}],"collection":[{"href":"https:\/\/hamsayapi.com\/index.php\/wp-json\/wp\/v2\/product"}],"about":[{"href":"https:\/\/hamsayapi.com\/index.php\/wp-json\/wp\/v2\/types\/product"}],"replies":[{"embeddable":true,"href":"https:\/\/hamsayapi.com\/index.php\/wp-json\/wp\/v2\/comments?post=9048"}],"version-history":[{"count":2,"href":"https:\/\/hamsayapi.com\/index.php\/wp-json\/wp\/v2\/product\/9048\/revisions"}],"predecessor-version":[{"id":9050,"href":"https:\/\/hamsayapi.com\/index.php\/wp-json\/wp\/v2\/product\/9048\/revisions\/9050"}],"wp:featuredmedia":[{"embeddable":true,"href":"https:\/\/hamsayapi.com\/index.php\/wp-json\/wp\/v2\/media\/9046"}],"wp:attachment":[{"href":"https:\/\/hamsayapi.com\/index.php\/wp-json\/wp\/v2\/media?parent=9048"}],"wp:term":[{"taxonomy":"pwb-brand","embeddable":true,"href":"https:\/\/hamsayapi.com\/index.php\/wp-json\/wp\/v2\/pwb-brand?post=9048"},{"taxonomy":"product_brand","embeddable":true,"href":"https:\/\/hamsayapi.com\/index.php\/wp-json\/wp\/v2\/product_brand?post=9048"},{"taxonomy":"product_cat","embeddable":true,"href":"https:\/\/hamsayapi.com\/index.php\/wp-json\/wp\/v2\/product_cat?post=9048"},{"taxonomy":"product_tag","embeddable":true,"href":"https:\/\/hamsayapi.com\/index.php\/wp-json\/wp\/v2\/product_tag?post=9048"}],"curies":[{"name":"wp","href":"https:\/\/api.w.org\/{rel}","templated":true}]}}