{"id":9024,"date":"2024-04-17T21:09:59","date_gmt":"2024-04-17T18:09:59","guid":{"rendered":"https:\/\/hamsayapi.com\/?post_type=product&#038;p=9024"},"modified":"2024-05-01T18:53:50","modified_gmt":"2024-05-01T15:53:50","slug":"naylon-nitril-eldiven-gri","status":"publish","type":"product","link":"https:\/\/hamsayapi.com\/index.php\/urun\/naylon-nitril-eldiven-gri\/","title":{"rendered":"Naylon Nitril Eldiven Gri"},"content":{"rendered":"","protected":false},"excerpt":{"rendered":"<p>NAYLON N\u0130TR\u0130L ELD\u0130VEN GR\u0130<br \/>\nYQL10 NO: 10<\/p>\n","protected":false},"featured_media":9025,"comment_status":"open","ping_status":"closed","template":"","meta":[],"pwb-brand":[],"product_brand":[],"product_cat":[1937,80],"product_tag":[88],"class_list":{"0":"post-9024","1":"product","2":"type-product","3":"status-publish","4":"has-post-thumbnail","6":"product_cat-eldivenler","7":"product_cat-is-guvenligi","8":"product_tag-naylon-nitril-eldiven-gri","10":"first","11":"instock","12":"shipping-taxable","13":"product-type-simple"},"brands":[],"_links":{"self":[{"href":"https:\/\/hamsayapi.com\/index.php\/wp-json\/wp\/v2\/product\/9024","targetHints":{"allow":["GET"]}}],"collection":[{"href":"https:\/\/hamsayapi.com\/index.php\/wp-json\/wp\/v2\/product"}],"about":[{"href":"https:\/\/hamsayapi.com\/index.php\/wp-json\/wp\/v2\/types\/product"}],"replies":[{"embeddable":true,"href":"https:\/\/hamsayapi.com\/index.php\/wp-json\/wp\/v2\/comments?post=9024"}],"version-history":[{"count":1,"href":"https:\/\/hamsayapi.com\/index.php\/wp-json\/wp\/v2\/product\/9024\/revisions"}],"predecessor-version":[{"id":9026,"href":"https:\/\/hamsayapi.com\/index.php\/wp-json\/wp\/v2\/product\/9024\/revisions\/9026"}],"wp:featuredmedia":[{"embeddable":true,"href":"https:\/\/hamsayapi.com\/index.php\/wp-json\/wp\/v2\/media\/9025"}],"wp:attachment":[{"href":"https:\/\/hamsayapi.com\/index.php\/wp-json\/wp\/v2\/media?parent=9024"}],"wp:term":[{"taxonomy":"pwb-brand","embeddable":true,"href":"https:\/\/hamsayapi.com\/index.php\/wp-json\/wp\/v2\/pwb-brand?post=9024"},{"taxonomy":"product_brand","embeddable":true,"href":"https:\/\/hamsayapi.com\/index.php\/wp-json\/wp\/v2\/product_brand?post=9024"},{"taxonomy":"product_cat","embeddable":true,"href":"https:\/\/hamsayapi.com\/index.php\/wp-json\/wp\/v2\/product_cat?post=9024"},{"taxonomy":"product_tag","embeddable":true,"href":"https:\/\/hamsayapi.com\/index.php\/wp-json\/wp\/v2\/product_tag?post=9024"}],"curies":[{"name":"wp","href":"https:\/\/api.w.org\/{rel}","templated":true}]}}