{"id":9013,"date":"2024-04-17T21:07:19","date_gmt":"2024-04-17T18:07:19","guid":{"rendered":"https:\/\/hamsayapi.com\/?post_type=product&#038;p=9013"},"modified":"2024-05-01T18:54:29","modified_gmt":"2024-05-01T15:54:29","slug":"beybi-nitril-eldiven-el-k2","status":"publish","type":"product","link":"https:\/\/hamsayapi.com\/index.php\/urun\/beybi-nitril-eldiven-el-k2\/","title":{"rendered":"Beybi Nitril Eldiven El-K2"},"content":{"rendered":"","protected":false},"excerpt":{"rendered":"<p>&#8211; Nitril kaplamal\u0131d\u0131r.<br \/>\n&#8211; Sar\u0131 renklidir.<br \/>\n&#8211; Anatomik kal\u0131b\u0131 ve ekstra kal\u0131nl\u0131\u011f\u0131 sayesinde<br \/>\n\u00fcst\u00fcn koruma sa\u011flar.<br \/>\n&#8211; \u00d6rg\u00fc bileklidir.<br \/>\n&#8211; Montaj, otomotiv sanayi, par\u00e7a \u00fcretimi, y\u00fckleme ve hafif sanayi i\u015flerinde rahatl\u0131kla kullan\u0131labilir<\/p>\n","protected":false},"featured_media":9014,"comment_status":"open","ping_status":"closed","template":"","meta":[],"pwb-brand":[],"product_brand":[],"product_cat":[1937,80],"product_tag":[85],"class_list":{"0":"post-9013","1":"product","2":"type-product","3":"status-publish","4":"has-post-thumbnail","6":"product_cat-eldivenler","7":"product_cat-is-guvenligi","8":"product_tag-beybi-nitril-eldiven-el-k2","10":"first","11":"instock","12":"shipping-taxable","13":"product-type-simple"},"brands":[],"_links":{"self":[{"href":"https:\/\/hamsayapi.com\/index.php\/wp-json\/wp\/v2\/product\/9013","targetHints":{"allow":["GET"]}}],"collection":[{"href":"https:\/\/hamsayapi.com\/index.php\/wp-json\/wp\/v2\/product"}],"about":[{"href":"https:\/\/hamsayapi.com\/index.php\/wp-json\/wp\/v2\/types\/product"}],"replies":[{"embeddable":true,"href":"https:\/\/hamsayapi.com\/index.php\/wp-json\/wp\/v2\/comments?post=9013"}],"version-history":[{"count":2,"href":"https:\/\/hamsayapi.com\/index.php\/wp-json\/wp\/v2\/product\/9013\/revisions"}],"predecessor-version":[{"id":9016,"href":"https:\/\/hamsayapi.com\/index.php\/wp-json\/wp\/v2\/product\/9013\/revisions\/9016"}],"wp:featuredmedia":[{"embeddable":true,"href":"https:\/\/hamsayapi.com\/index.php\/wp-json\/wp\/v2\/media\/9014"}],"wp:attachment":[{"href":"https:\/\/hamsayapi.com\/index.php\/wp-json\/wp\/v2\/media?parent=9013"}],"wp:term":[{"taxonomy":"pwb-brand","embeddable":true,"href":"https:\/\/hamsayapi.com\/index.php\/wp-json\/wp\/v2\/pwb-brand?post=9013"},{"taxonomy":"product_brand","embeddable":true,"href":"https:\/\/hamsayapi.com\/index.php\/wp-json\/wp\/v2\/product_brand?post=9013"},{"taxonomy":"product_cat","embeddable":true,"href":"https:\/\/hamsayapi.com\/index.php\/wp-json\/wp\/v2\/product_cat?post=9013"},{"taxonomy":"product_tag","embeddable":true,"href":"https:\/\/hamsayapi.com\/index.php\/wp-json\/wp\/v2\/product_tag?post=9013"}],"curies":[{"name":"wp","href":"https:\/\/api.w.org\/{rel}","templated":true}]}}