{"id":9009,"date":"2024-04-17T21:06:21","date_gmt":"2024-04-17T18:06:21","guid":{"rendered":"https:\/\/hamsayapi.com\/?post_type=product&#038;p=9009"},"modified":"2024-05-01T18:54:44","modified_gmt":"2024-05-01T15:54:44","slug":"beybi-eko-lastik-eldiven","status":"publish","type":"product","link":"https:\/\/hamsayapi.com\/index.php\/urun\/beybi-eko-lastik-eldiven\/","title":{"rendered":"Beybi Eko Lastik Eldiven"},"content":{"rendered":"","protected":false},"excerpt":{"rendered":"<p>BEYB\u0130 EKO LAST\u0130K ELD\u0130VEN<br \/>\n&#8211; \u00c7ok hesapl\u0131 bu eldiven ev, sera, boya, badana ve temizlik i\u015flerinde rahatl\u0131kla kullan\u0131labilir.<br \/>\n&#8211; K\u0131rm\u0131z\u0131 ve renklidir. Turuncu rengi de mevcuttur.<br \/>\n&#8211; \u0130yi kavrama ozelli\u011fi, sert k\u0131vr\u0131m yerleri ile i\u015flerinizi kolayla\u015ft\u0131r\u0131r.<br \/>\n&#8211; Do\u011fal kaucuktan imal edilmi\u015ftir.<br \/>\n&#8211; Pamuk tozu ile kaplanm\u0131\u015f ic y\u00fczeyi sayesinde ellerinizi korur.<br \/>\n&#8211; Kayganl\u0131\u011f\u0131 \u00f6nleyici d\u0131\u015f y\u00fczeyi sayesinde daha g\u00fcvenli \u00e7al\u0131\u015fman\u0131za<br \/>\nimkan verir.<br \/>\n&#8211; Kalitesi ile uzun s\u00fcreli kullan\u0131ma imkan verir.<br \/>\n&#8211; \u00d6zel ambalaj\u0131nda bir \u00e7ift eldiven bulunur.<\/p>\n","protected":false},"featured_media":9010,"comment_status":"open","ping_status":"closed","template":"","meta":[],"pwb-brand":[],"product_brand":[],"product_cat":[1937,80],"product_tag":[84],"class_list":{"0":"post-9009","1":"product","2":"type-product","3":"status-publish","4":"has-post-thumbnail","6":"product_cat-eldivenler","7":"product_cat-is-guvenligi","8":"product_tag-beybi-eko-lastik-eldiven","10":"first","11":"instock","12":"shipping-taxable","13":"product-type-simple"},"brands":[],"_links":{"self":[{"href":"https:\/\/hamsayapi.com\/index.php\/wp-json\/wp\/v2\/product\/9009","targetHints":{"allow":["GET"]}}],"collection":[{"href":"https:\/\/hamsayapi.com\/index.php\/wp-json\/wp\/v2\/product"}],"about":[{"href":"https:\/\/hamsayapi.com\/index.php\/wp-json\/wp\/v2\/types\/product"}],"replies":[{"embeddable":true,"href":"https:\/\/hamsayapi.com\/index.php\/wp-json\/wp\/v2\/comments?post=9009"}],"version-history":[{"count":2,"href":"https:\/\/hamsayapi.com\/index.php\/wp-json\/wp\/v2\/product\/9009\/revisions"}],"predecessor-version":[{"id":9012,"href":"https:\/\/hamsayapi.com\/index.php\/wp-json\/wp\/v2\/product\/9009\/revisions\/9012"}],"wp:featuredmedia":[{"embeddable":true,"href":"https:\/\/hamsayapi.com\/index.php\/wp-json\/wp\/v2\/media\/9010"}],"wp:attachment":[{"href":"https:\/\/hamsayapi.com\/index.php\/wp-json\/wp\/v2\/media?parent=9009"}],"wp:term":[{"taxonomy":"pwb-brand","embeddable":true,"href":"https:\/\/hamsayapi.com\/index.php\/wp-json\/wp\/v2\/pwb-brand?post=9009"},{"taxonomy":"product_brand","embeddable":true,"href":"https:\/\/hamsayapi.com\/index.php\/wp-json\/wp\/v2\/product_brand?post=9009"},{"taxonomy":"product_cat","embeddable":true,"href":"https:\/\/hamsayapi.com\/index.php\/wp-json\/wp\/v2\/product_cat?post=9009"},{"taxonomy":"product_tag","embeddable":true,"href":"https:\/\/hamsayapi.com\/index.php\/wp-json\/wp\/v2\/product_tag?post=9009"}],"curies":[{"name":"wp","href":"https:\/\/api.w.org\/{rel}","templated":true}]}}