{"id":9005,"date":"2024-04-17T21:05:23","date_gmt":"2024-04-17T18:05:23","guid":{"rendered":"https:\/\/hamsayapi.com\/?post_type=product&#038;p=9005"},"modified":"2024-05-01T18:54:57","modified_gmt":"2024-05-01T15:54:57","slug":"beybi-nitril-eldiven-el-k1","status":"publish","type":"product","link":"https:\/\/hamsayapi.com\/index.php\/urun\/beybi-nitril-eldiven-el-k1\/","title":{"rendered":"Beybi Nitril Eldiven El-K1"},"content":{"rendered":"","protected":false},"excerpt":{"rendered":"<p>BEYB\u0130 N\u0130TR\u0130L ELD\u0130VEN EL-K1<br \/>\n&#8211; Yar\u0131m nitril kaplamal\u0131, bilek k\u0131sm\u0131 \u00f6rg\u00fc lastiklidir.<br \/>\n&#8211; Ele tam oturur.<br \/>\n&#8211; Sar\u0131 renklidir.<br \/>\n&#8211; Montaj, otomotiv sanayi, par\u00e7a \u00fcretimi, y\u00fckleme ve<br \/>\nhafif sanayi i\u015flerinde rahatl\u0131kla kullan\u0131labilir<\/p>\n","protected":false},"featured_media":9006,"comment_status":"open","ping_status":"closed","template":"","meta":[],"pwb-brand":[],"product_brand":[],"product_cat":[1937,80],"product_tag":[83],"class_list":{"0":"post-9005","1":"product","2":"type-product","3":"status-publish","4":"has-post-thumbnail","6":"product_cat-eldivenler","7":"product_cat-is-guvenligi","8":"product_tag-beybi-nitril-eldiven-el-k1","10":"first","11":"instock","12":"shipping-taxable","13":"product-type-simple"},"brands":[],"_links":{"self":[{"href":"https:\/\/hamsayapi.com\/index.php\/wp-json\/wp\/v2\/product\/9005","targetHints":{"allow":["GET"]}}],"collection":[{"href":"https:\/\/hamsayapi.com\/index.php\/wp-json\/wp\/v2\/product"}],"about":[{"href":"https:\/\/hamsayapi.com\/index.php\/wp-json\/wp\/v2\/types\/product"}],"replies":[{"embeddable":true,"href":"https:\/\/hamsayapi.com\/index.php\/wp-json\/wp\/v2\/comments?post=9005"}],"version-history":[{"count":2,"href":"https:\/\/hamsayapi.com\/index.php\/wp-json\/wp\/v2\/product\/9005\/revisions"}],"predecessor-version":[{"id":9008,"href":"https:\/\/hamsayapi.com\/index.php\/wp-json\/wp\/v2\/product\/9005\/revisions\/9008"}],"wp:featuredmedia":[{"embeddable":true,"href":"https:\/\/hamsayapi.com\/index.php\/wp-json\/wp\/v2\/media\/9006"}],"wp:attachment":[{"href":"https:\/\/hamsayapi.com\/index.php\/wp-json\/wp\/v2\/media?parent=9005"}],"wp:term":[{"taxonomy":"pwb-brand","embeddable":true,"href":"https:\/\/hamsayapi.com\/index.php\/wp-json\/wp\/v2\/pwb-brand?post=9005"},{"taxonomy":"product_brand","embeddable":true,"href":"https:\/\/hamsayapi.com\/index.php\/wp-json\/wp\/v2\/product_brand?post=9005"},{"taxonomy":"product_cat","embeddable":true,"href":"https:\/\/hamsayapi.com\/index.php\/wp-json\/wp\/v2\/product_cat?post=9005"},{"taxonomy":"product_tag","embeddable":true,"href":"https:\/\/hamsayapi.com\/index.php\/wp-json\/wp\/v2\/product_tag?post=9005"}],"curies":[{"name":"wp","href":"https:\/\/api.w.org\/{rel}","templated":true}]}}