{"id":9001,"date":"2024-04-17T21:04:15","date_gmt":"2024-04-17T18:04:15","guid":{"rendered":"https:\/\/hamsayapi.com\/?post_type=product&#038;p=9001"},"modified":"2024-05-01T18:55:19","modified_gmt":"2024-05-01T15:55:19","slug":"beybi-naylon-nitril-eldiven-el-k7","status":"publish","type":"product","link":"https:\/\/hamsayapi.com\/index.php\/urun\/beybi-naylon-nitril-eldiven-el-k7\/","title":{"rendered":"Beybi Naylon Nitril Eldiven El-K7"},"content":{"rendered":"","protected":false},"excerpt":{"rendered":"<p>BEYB\u0130 NAYLON N\u0130TR\u0130L ELD\u0130VEN EL-K7<br \/>\nNO: 9 Sar\u0131<br \/>\nNO: 10 Sar\u0131<\/p>\n","protected":false},"featured_media":9002,"comment_status":"open","ping_status":"closed","template":"","meta":[],"pwb-brand":[],"product_brand":[],"product_cat":[1937,80],"product_tag":[82],"class_list":{"0":"post-9001","1":"product","2":"type-product","3":"status-publish","4":"has-post-thumbnail","6":"product_cat-eldivenler","7":"product_cat-is-guvenligi","8":"product_tag-beybi-naylon-nitril-eldiven-el-k7","10":"first","11":"instock","12":"shipping-taxable","13":"product-type-simple"},"brands":[],"_links":{"self":[{"href":"https:\/\/hamsayapi.com\/index.php\/wp-json\/wp\/v2\/product\/9001","targetHints":{"allow":["GET"]}}],"collection":[{"href":"https:\/\/hamsayapi.com\/index.php\/wp-json\/wp\/v2\/product"}],"about":[{"href":"https:\/\/hamsayapi.com\/index.php\/wp-json\/wp\/v2\/types\/product"}],"replies":[{"embeddable":true,"href":"https:\/\/hamsayapi.com\/index.php\/wp-json\/wp\/v2\/comments?post=9001"}],"version-history":[{"count":2,"href":"https:\/\/hamsayapi.com\/index.php\/wp-json\/wp\/v2\/product\/9001\/revisions"}],"predecessor-version":[{"id":9004,"href":"https:\/\/hamsayapi.com\/index.php\/wp-json\/wp\/v2\/product\/9001\/revisions\/9004"}],"wp:featuredmedia":[{"embeddable":true,"href":"https:\/\/hamsayapi.com\/index.php\/wp-json\/wp\/v2\/media\/9002"}],"wp:attachment":[{"href":"https:\/\/hamsayapi.com\/index.php\/wp-json\/wp\/v2\/media?parent=9001"}],"wp:term":[{"taxonomy":"pwb-brand","embeddable":true,"href":"https:\/\/hamsayapi.com\/index.php\/wp-json\/wp\/v2\/pwb-brand?post=9001"},{"taxonomy":"product_brand","embeddable":true,"href":"https:\/\/hamsayapi.com\/index.php\/wp-json\/wp\/v2\/product_brand?post=9001"},{"taxonomy":"product_cat","embeddable":true,"href":"https:\/\/hamsayapi.com\/index.php\/wp-json\/wp\/v2\/product_cat?post=9001"},{"taxonomy":"product_tag","embeddable":true,"href":"https:\/\/hamsayapi.com\/index.php\/wp-json\/wp\/v2\/product_tag?post=9001"}],"curies":[{"name":"wp","href":"https:\/\/api.w.org\/{rel}","templated":true}]}}