{"id":8983,"date":"2024-04-16T22:36:36","date_gmt":"2024-04-16T19:36:36","guid":{"rendered":"https:\/\/hamsayapi.com\/?post_type=product&#038;p=8983"},"modified":"2024-04-16T22:36:36","modified_gmt":"2024-04-16T19:36:36","slug":"insaatlik-kereste-ve-kalas","status":"publish","type":"product","link":"https:\/\/hamsayapi.com\/index.php\/urun\/insaatlik-kereste-ve-kalas\/","title":{"rendered":"\u0130n\u015faatl\u0131k Kereste ve Kalas"},"content":{"rendered":"<p class=\"itemFullText\">Kerestelerimiz \u00e7am ve k\u00f6knar a\u011fac\u0131\u00a0olup men\u015fei T\u00fcrkiye ,Ukrayna, Rusya, Romanya\u00a0ve Bulgaristan\u2019dan ithal edilmektedir.<\/p>\n","protected":false},"excerpt":{"rendered":"<div class=\"et_pb_with_border et_pb_module et_pb_text et_pb_text_2  et_pb_text_align_left et_pb_bg_layout_light\">\n<div class=\"et_pb_text_inner\">\n<h4><strong>\u00dcr\u00fcn Bilgisi<\/strong><\/h4>\n<\/div>\n<\/div>\n<div class=\"et_pb_module et_pb_text et_pb_text_3  et_pb_text_align_left et_pb_bg_layout_light\">\n<div class=\"et_pb_text_inner\">\n<ul>\n<li class=\"odd typeTextfield group9\"><span class=\"itemExtraFieldsLabel\">10\u00d710:<\/span><span class=\"itemExtraFieldsValue\">200 \u2013 300 -350 \u2013 400 \u2013 600 cm<\/span><\/li>\n<li class=\"even typeTextfield group9\"><span class=\"itemExtraFieldsLabel\">8\u00d78:<\/span><span class=\"itemExtraFieldsValue\">200 \u2013 300 -350 \u2013 400 \u2013 600 cm<\/span><\/li>\n<li class=\"even typeTextfield group9\"><span class=\"itemExtraFieldsLabel\">5\u00d710:<\/span><span class=\"itemExtraFieldsValue\">200 \u2013 300 \u2013 350 \u2013 400 \u2013 600 cm<\/span><\/li>\n<\/ul>\n<\/div>\n<\/div>\n","protected":false},"featured_media":8984,"comment_status":"open","ping_status":"closed","template":"","meta":[],"pwb-brand":[],"product_brand":[],"product_cat":[78],"product_tag":[79],"class_list":{"0":"post-8983","1":"product","2":"type-product","3":"status-publish","4":"has-post-thumbnail","6":"product_cat-kereste","7":"product_tag-insaatlik-kereste-ve-kalas","9":"first","10":"instock","11":"shipping-taxable","12":"product-type-simple"},"brands":[],"_links":{"self":[{"href":"https:\/\/hamsayapi.com\/index.php\/wp-json\/wp\/v2\/product\/8983","targetHints":{"allow":["GET"]}}],"collection":[{"href":"https:\/\/hamsayapi.com\/index.php\/wp-json\/wp\/v2\/product"}],"about":[{"href":"https:\/\/hamsayapi.com\/index.php\/wp-json\/wp\/v2\/types\/product"}],"replies":[{"embeddable":true,"href":"https:\/\/hamsayapi.com\/index.php\/wp-json\/wp\/v2\/comments?post=8983"}],"version-history":[{"count":1,"href":"https:\/\/hamsayapi.com\/index.php\/wp-json\/wp\/v2\/product\/8983\/revisions"}],"predecessor-version":[{"id":8985,"href":"https:\/\/hamsayapi.com\/index.php\/wp-json\/wp\/v2\/product\/8983\/revisions\/8985"}],"wp:featuredmedia":[{"embeddable":true,"href":"https:\/\/hamsayapi.com\/index.php\/wp-json\/wp\/v2\/media\/8984"}],"wp:attachment":[{"href":"https:\/\/hamsayapi.com\/index.php\/wp-json\/wp\/v2\/media?parent=8983"}],"wp:term":[{"taxonomy":"pwb-brand","embeddable":true,"href":"https:\/\/hamsayapi.com\/index.php\/wp-json\/wp\/v2\/pwb-brand?post=8983"},{"taxonomy":"product_brand","embeddable":true,"href":"https:\/\/hamsayapi.com\/index.php\/wp-json\/wp\/v2\/product_brand?post=8983"},{"taxonomy":"product_cat","embeddable":true,"href":"https:\/\/hamsayapi.com\/index.php\/wp-json\/wp\/v2\/product_cat?post=8983"},{"taxonomy":"product_tag","embeddable":true,"href":"https:\/\/hamsayapi.com\/index.php\/wp-json\/wp\/v2\/product_tag?post=8983"}],"curies":[{"name":"wp","href":"https:\/\/api.w.org\/{rel}","templated":true}]}}