{"id":8973,"date":"2024-04-16T22:16:16","date_gmt":"2024-04-16T19:16:16","guid":{"rendered":"https:\/\/hamsayapi.com\/?post_type=product&#038;p=8973"},"modified":"2024-04-22T20:46:17","modified_gmt":"2024-04-22T17:46:17","slug":"cam-plywood","status":"publish","type":"product","link":"https:\/\/hamsayapi.com\/index.php\/urun\/cam-plywood\/","title":{"rendered":"\u00c7am Plywood"},"content":{"rendered":"","protected":false},"excerpt":{"rendered":"<div class=\"et_pb_column et_pb_column_1_2 et_pb_column_1 et_pb_css_mix_blend_mode_passthrough et-last-child\">\n<div class=\"et_pb_module et_pb_text et_pb_text_0 et_pb_text_align_left et_pb_bg_layout_light\">\n<div class=\"et_pb_text_inner\">\n<h4>\u00dcr\u00fcn Bilgisi<\/h4>\n<ul>\n<li class=\"odd typeTextfield group2\"><span class=\"itemExtraFieldsLabel\">Ebat:2500\u00d71250 18,21mm<\/span><\/li>\n<li>A\u011fa\u00e7 Cinsi: \u00c7am \u2013 (Pine)<\/li>\n<li class=\"odd typeTextfield group2\"><span class=\"itemExtraFieldsLabel\">Yap\u0131\u015ft\u0131rma:<\/span><span class=\"itemExtraFieldsValue\">WBP tutkal\u00a0<\/span><\/li>\n<li><span class=\"itemExtraFieldsLabel\">Katman Say\u0131s\u0131: 7 \u2013 9 \u2013 11 -13 -15 katman<\/span><\/li>\n<li>Y\u00fczey Filmi ve Yo\u011funlu\u011fu: Koyu Kahverengi Fenolik Film, 120 gr\/m\u00b2<\/li>\n<li class=\"odd typeTextfield group2\"><span class=\"itemExtraFieldsLabel\">\u00dcr\u00fcn Yo\u011funlu\u011fu: 550-600 kg\/m\u00b3<\/span><\/li>\n<\/ul>\n<\/div>\n<\/div>\n<\/div>\n","protected":false},"featured_media":8974,"comment_status":"open","ping_status":"closed","template":"","meta":[],"pwb-brand":[],"product_brand":[],"product_cat":[78],"product_tag":[75],"class_list":{"0":"post-8973","1":"product","2":"type-product","3":"status-publish","4":"has-post-thumbnail","6":"product_cat-kereste","7":"product_tag-cam-plywood","9":"first","10":"instock","11":"shipping-taxable","12":"product-type-simple"},"brands":[],"_links":{"self":[{"href":"https:\/\/hamsayapi.com\/index.php\/wp-json\/wp\/v2\/product\/8973","targetHints":{"allow":["GET"]}}],"collection":[{"href":"https:\/\/hamsayapi.com\/index.php\/wp-json\/wp\/v2\/product"}],"about":[{"href":"https:\/\/hamsayapi.com\/index.php\/wp-json\/wp\/v2\/types\/product"}],"replies":[{"embeddable":true,"href":"https:\/\/hamsayapi.com\/index.php\/wp-json\/wp\/v2\/comments?post=8973"}],"version-history":[{"count":2,"href":"https:\/\/hamsayapi.com\/index.php\/wp-json\/wp\/v2\/product\/8973\/revisions"}],"predecessor-version":[{"id":8976,"href":"https:\/\/hamsayapi.com\/index.php\/wp-json\/wp\/v2\/product\/8973\/revisions\/8976"}],"wp:featuredmedia":[{"embeddable":true,"href":"https:\/\/hamsayapi.com\/index.php\/wp-json\/wp\/v2\/media\/8974"}],"wp:attachment":[{"href":"https:\/\/hamsayapi.com\/index.php\/wp-json\/wp\/v2\/media?parent=8973"}],"wp:term":[{"taxonomy":"pwb-brand","embeddable":true,"href":"https:\/\/hamsayapi.com\/index.php\/wp-json\/wp\/v2\/pwb-brand?post=8973"},{"taxonomy":"product_brand","embeddable":true,"href":"https:\/\/hamsayapi.com\/index.php\/wp-json\/wp\/v2\/product_brand?post=8973"},{"taxonomy":"product_cat","embeddable":true,"href":"https:\/\/hamsayapi.com\/index.php\/wp-json\/wp\/v2\/product_cat?post=8973"},{"taxonomy":"product_tag","embeddable":true,"href":"https:\/\/hamsayapi.com\/index.php\/wp-json\/wp\/v2\/product_tag?post=8973"}],"curies":[{"name":"wp","href":"https:\/\/api.w.org\/{rel}","templated":true}]}}