{"id":22146,"date":"2024-11-21T21:24:21","date_gmt":"2024-11-21T18:24:21","guid":{"rendered":"https:\/\/hamsayapi.com\/?post_type=product&#038;p=22146"},"modified":"2024-11-21T21:24:22","modified_gmt":"2024-11-21T18:24:22","slug":"tiera-ankastre-taharet-bataryasi-siva-ustu-grubu-el-duslu","status":"publish","type":"product","link":"https:\/\/hamsayapi.com\/index.php\/urun\/tiera-ankastre-taharet-bataryasi-siva-ustu-grubu-el-duslu\/","title":{"rendered":"Tiera Ankastre Taharet Bataryas\u0131 S\u0131va \u00dcst\u00fc Grubu &#8211; El Du\u015flu"},"content":{"rendered":"","protected":false},"excerpt":{"rendered":"","protected":false},"featured_media":22147,"comment_status":"open","ping_status":"closed","template":"","meta":[],"pwb-brand":[2779],"product_brand":[],"product_cat":[2922,2691],"product_tag":[2945],"class_list":{"0":"post-22146","1":"product","2":"type-product","3":"status-publish","4":"has-post-thumbnail","6":"pwb-brand-eca","7":"product_cat-armaturler","8":"product_cat-lavabo-tamamlayicilari","9":"product_tag-tiera-ankastre-taharet-bataryasi-siva-ustu-grubu-el-duslu","11":"first","12":"instock","13":"shipping-taxable","14":"product-type-simple"},"brands":[{"id":2779,"name":"Eca","slug":"eca"}],"_links":{"self":[{"href":"https:\/\/hamsayapi.com\/index.php\/wp-json\/wp\/v2\/product\/22146","targetHints":{"allow":["GET"]}}],"collection":[{"href":"https:\/\/hamsayapi.com\/index.php\/wp-json\/wp\/v2\/product"}],"about":[{"href":"https:\/\/hamsayapi.com\/index.php\/wp-json\/wp\/v2\/types\/product"}],"replies":[{"embeddable":true,"href":"https:\/\/hamsayapi.com\/index.php\/wp-json\/wp\/v2\/comments?post=22146"}],"version-history":[{"count":2,"href":"https:\/\/hamsayapi.com\/index.php\/wp-json\/wp\/v2\/product\/22146\/revisions"}],"predecessor-version":[{"id":22149,"href":"https:\/\/hamsayapi.com\/index.php\/wp-json\/wp\/v2\/product\/22146\/revisions\/22149"}],"wp:featuredmedia":[{"embeddable":true,"href":"https:\/\/hamsayapi.com\/index.php\/wp-json\/wp\/v2\/media\/22147"}],"wp:attachment":[{"href":"https:\/\/hamsayapi.com\/index.php\/wp-json\/wp\/v2\/media?parent=22146"}],"wp:term":[{"taxonomy":"pwb-brand","embeddable":true,"href":"https:\/\/hamsayapi.com\/index.php\/wp-json\/wp\/v2\/pwb-brand?post=22146"},{"taxonomy":"product_brand","embeddable":true,"href":"https:\/\/hamsayapi.com\/index.php\/wp-json\/wp\/v2\/product_brand?post=22146"},{"taxonomy":"product_cat","embeddable":true,"href":"https:\/\/hamsayapi.com\/index.php\/wp-json\/wp\/v2\/product_cat?post=22146"},{"taxonomy":"product_tag","embeddable":true,"href":"https:\/\/hamsayapi.com\/index.php\/wp-json\/wp\/v2\/product_tag?post=22146"}],"curies":[{"name":"wp","href":"https:\/\/api.w.org\/{rel}","templated":true}]}}