{"id":21213,"date":"2024-10-27T23:29:23","date_gmt":"2024-10-27T20:29:23","guid":{"rendered":"https:\/\/hamsayapi.com\/?post_type=product&#038;p=21213"},"modified":"2024-10-27T23:29:23","modified_gmt":"2024-10-27T20:29:23","slug":"active-one-alcipan-duvar-ici-profilli-gomme-rezervuar-45-3l","status":"publish","type":"product","link":"https:\/\/hamsayapi.com\/index.php\/urun\/active-one-alcipan-duvar-ici-profilli-gomme-rezervuar-45-3l\/","title":{"rendered":"ACTIVE ONE Al\u00e7\u0131pan Duvar \u0130\u00e7i Profilli G\u00f6mme Rezervuar (4,5\/3L)"},"content":{"rendered":"","protected":false},"excerpt":{"rendered":"<div class=\"left\">\n<div class=\"form-group\"><label>Boyutlar: <\/label> <span id=\"dim-txt\">1135 x 160 x 515 mm<br \/>\n<\/span>(uzunluk, geni\u015flik, y\u00fckseklik)<\/div>\n<\/div>\n","protected":false},"featured_media":21214,"comment_status":"open","ping_status":"closed","template":"","meta":[],"pwb-brand":[2778],"product_brand":[],"product_cat":[2691,2886],"product_tag":[2919],"class_list":{"0":"post-21213","1":"product","2":"type-product","3":"status-publish","4":"has-post-thumbnail","6":"pwb-brand-roca","7":"product_cat-lavabo-tamamlayicilari","8":"product_cat-rezervuarlar","9":"product_tag-active-one-alcipan-duvar-ici-profilli-gomme-rezervuar-4","11":"first","12":"instock","13":"shipping-taxable","14":"product-type-simple"},"brands":[{"id":2778,"name":"Roca","slug":"roca"}],"_links":{"self":[{"href":"https:\/\/hamsayapi.com\/index.php\/wp-json\/wp\/v2\/product\/21213","targetHints":{"allow":["GET"]}}],"collection":[{"href":"https:\/\/hamsayapi.com\/index.php\/wp-json\/wp\/v2\/product"}],"about":[{"href":"https:\/\/hamsayapi.com\/index.php\/wp-json\/wp\/v2\/types\/product"}],"replies":[{"embeddable":true,"href":"https:\/\/hamsayapi.com\/index.php\/wp-json\/wp\/v2\/comments?post=21213"}],"version-history":[{"count":2,"href":"https:\/\/hamsayapi.com\/index.php\/wp-json\/wp\/v2\/product\/21213\/revisions"}],"predecessor-version":[{"id":21216,"href":"https:\/\/hamsayapi.com\/index.php\/wp-json\/wp\/v2\/product\/21213\/revisions\/21216"}],"wp:featuredmedia":[{"embeddable":true,"href":"https:\/\/hamsayapi.com\/index.php\/wp-json\/wp\/v2\/media\/21214"}],"wp:attachment":[{"href":"https:\/\/hamsayapi.com\/index.php\/wp-json\/wp\/v2\/media?parent=21213"}],"wp:term":[{"taxonomy":"pwb-brand","embeddable":true,"href":"https:\/\/hamsayapi.com\/index.php\/wp-json\/wp\/v2\/pwb-brand?post=21213"},{"taxonomy":"product_brand","embeddable":true,"href":"https:\/\/hamsayapi.com\/index.php\/wp-json\/wp\/v2\/product_brand?post=21213"},{"taxonomy":"product_cat","embeddable":true,"href":"https:\/\/hamsayapi.com\/index.php\/wp-json\/wp\/v2\/product_cat?post=21213"},{"taxonomy":"product_tag","embeddable":true,"href":"https:\/\/hamsayapi.com\/index.php\/wp-json\/wp\/v2\/product_tag?post=21213"}],"curies":[{"name":"wp","href":"https:\/\/api.w.org\/{rel}","templated":true}]}}