{"id":20967,"date":"2024-10-27T21:25:20","date_gmt":"2024-10-27T18:25:20","guid":{"rendered":"https:\/\/hamsayapi.com\/?post_type=product&#038;p=20967"},"modified":"2024-10-27T21:25:20","modified_gmt":"2024-10-27T18:25:20","slug":"1-adet-surgulu-kapili-ve-1-adet-sabit-panelli-koseden-dusakabin-6","status":"publish","type":"product","link":"https:\/\/hamsayapi.com\/index.php\/urun\/1-adet-surgulu-kapili-ve-1-adet-sabit-panelli-koseden-dusakabin-6\/","title":{"rendered":"1 Adet S\u00fcrg\u00fcl\u00fc Kap\u0131l\u0131 ve 1 Adet Sabit Panelli K\u00f6\u015feden Du\u015fakabin"},"content":{"rendered":"","protected":false},"excerpt":{"rendered":"<div class=\"left\">\n<div class=\"form-group\"><label>Boyutlar: <\/label> <span id=\"dim-txt\">1200 x 1950 mm<br \/>\n<\/span>(uzunluk, geni\u015flik, y\u00fckseklik)<\/div>\n<\/div>\n","protected":false},"featured_media":20968,"comment_status":"open","ping_status":"closed","template":"","meta":[],"pwb-brand":[2778],"product_brand":[],"product_cat":[2870,2691],"product_tag":[2876],"class_list":{"0":"post-20967","1":"product","2":"type-product","3":"status-publish","4":"has-post-thumbnail","6":"pwb-brand-roca","7":"product_cat-dus-kabinler","8":"product_cat-lavabo-tamamlayicilari","9":"product_tag-1-adet-surgulu-kapili-ve-1-adet-sabit-panelli-koseden-dusakabin","11":"first","12":"instock","13":"shipping-taxable","14":"product-type-simple"},"brands":[{"id":2778,"name":"Roca","slug":"roca"}],"_links":{"self":[{"href":"https:\/\/hamsayapi.com\/index.php\/wp-json\/wp\/v2\/product\/20967","targetHints":{"allow":["GET"]}}],"collection":[{"href":"https:\/\/hamsayapi.com\/index.php\/wp-json\/wp\/v2\/product"}],"about":[{"href":"https:\/\/hamsayapi.com\/index.php\/wp-json\/wp\/v2\/types\/product"}],"replies":[{"embeddable":true,"href":"https:\/\/hamsayapi.com\/index.php\/wp-json\/wp\/v2\/comments?post=20967"}],"version-history":[{"count":1,"href":"https:\/\/hamsayapi.com\/index.php\/wp-json\/wp\/v2\/product\/20967\/revisions"}],"predecessor-version":[{"id":20969,"href":"https:\/\/hamsayapi.com\/index.php\/wp-json\/wp\/v2\/product\/20967\/revisions\/20969"}],"wp:featuredmedia":[{"embeddable":true,"href":"https:\/\/hamsayapi.com\/index.php\/wp-json\/wp\/v2\/media\/20968"}],"wp:attachment":[{"href":"https:\/\/hamsayapi.com\/index.php\/wp-json\/wp\/v2\/media?parent=20967"}],"wp:term":[{"taxonomy":"pwb-brand","embeddable":true,"href":"https:\/\/hamsayapi.com\/index.php\/wp-json\/wp\/v2\/pwb-brand?post=20967"},{"taxonomy":"product_brand","embeddable":true,"href":"https:\/\/hamsayapi.com\/index.php\/wp-json\/wp\/v2\/product_brand?post=20967"},{"taxonomy":"product_cat","embeddable":true,"href":"https:\/\/hamsayapi.com\/index.php\/wp-json\/wp\/v2\/product_cat?post=20967"},{"taxonomy":"product_tag","embeddable":true,"href":"https:\/\/hamsayapi.com\/index.php\/wp-json\/wp\/v2\/product_tag?post=20967"}],"curies":[{"name":"wp","href":"https:\/\/api.w.org\/{rel}","templated":true}]}}