{"id":20595,"date":"2024-10-27T09:35:01","date_gmt":"2024-10-27T06:35:01","guid":{"rendered":"https:\/\/hamsayapi.com\/?post_type=product&#038;p=20595"},"modified":"2024-10-27T09:35:01","modified_gmt":"2024-10-27T06:35:01","slug":"kaymaz-tabanli-gri-dis-yuzeyli-ve-oval-demir-dokum-kuvet-2","status":"publish","type":"product","link":"https:\/\/hamsayapi.com\/index.php\/urun\/kaymaz-tabanli-gri-dis-yuzeyli-ve-oval-demir-dokum-kuvet-2\/","title":{"rendered":"Kaymaz Tabanl\u0131, Gri D\u0131\u015f Y\u00fczeyli ve Oval Demir D\u00f6k\u00fcm K\u00fcvet"},"content":{"rendered":"","protected":false},"excerpt":{"rendered":"<div class=\"left\">\n<div class=\"form-group\"><label>Boyutlar: <\/label> <span id=\"dim-txt\">1700 x 850 x 420 mm<br \/>\n<\/span>(uzunluk, geni\u015flik, y\u00fckseklik)<\/div>\n<\/div>\n","protected":false},"featured_media":20596,"comment_status":"open","ping_status":"closed","template":"","meta":[],"pwb-brand":[2778],"product_brand":[],"product_cat":[2837,2691],"product_tag":[2849],"class_list":{"0":"post-20595","1":"product","2":"type-product","3":"status-publish","4":"has-post-thumbnail","6":"pwb-brand-roca","7":"product_cat-kuvetler","8":"product_cat-lavabo-tamamlayicilari","9":"product_tag-gri-dis-yuzeyli-ve-oval-demir-dokum-kuvet","11":"first","12":"instock","13":"shipping-taxable","14":"product-type-simple"},"brands":[{"id":2778,"name":"Roca","slug":"roca"}],"_links":{"self":[{"href":"https:\/\/hamsayapi.com\/index.php\/wp-json\/wp\/v2\/product\/20595","targetHints":{"allow":["GET"]}}],"collection":[{"href":"https:\/\/hamsayapi.com\/index.php\/wp-json\/wp\/v2\/product"}],"about":[{"href":"https:\/\/hamsayapi.com\/index.php\/wp-json\/wp\/v2\/types\/product"}],"replies":[{"embeddable":true,"href":"https:\/\/hamsayapi.com\/index.php\/wp-json\/wp\/v2\/comments?post=20595"}],"version-history":[{"count":1,"href":"https:\/\/hamsayapi.com\/index.php\/wp-json\/wp\/v2\/product\/20595\/revisions"}],"predecessor-version":[{"id":20597,"href":"https:\/\/hamsayapi.com\/index.php\/wp-json\/wp\/v2\/product\/20595\/revisions\/20597"}],"wp:featuredmedia":[{"embeddable":true,"href":"https:\/\/hamsayapi.com\/index.php\/wp-json\/wp\/v2\/media\/20596"}],"wp:attachment":[{"href":"https:\/\/hamsayapi.com\/index.php\/wp-json\/wp\/v2\/media?parent=20595"}],"wp:term":[{"taxonomy":"pwb-brand","embeddable":true,"href":"https:\/\/hamsayapi.com\/index.php\/wp-json\/wp\/v2\/pwb-brand?post=20595"},{"taxonomy":"product_brand","embeddable":true,"href":"https:\/\/hamsayapi.com\/index.php\/wp-json\/wp\/v2\/product_brand?post=20595"},{"taxonomy":"product_cat","embeddable":true,"href":"https:\/\/hamsayapi.com\/index.php\/wp-json\/wp\/v2\/product_cat?post=20595"},{"taxonomy":"product_tag","embeddable":true,"href":"https:\/\/hamsayapi.com\/index.php\/wp-json\/wp\/v2\/product_tag?post=20595"}],"curies":[{"name":"wp","href":"https:\/\/api.w.org\/{rel}","templated":true}]}}