{"id":20080,"date":"2024-10-24T21:34:18","date_gmt":"2024-10-24T18:34:18","guid":{"rendered":"https:\/\/hamsayapi.com\/?post_type=product&#038;p=20080"},"modified":"2024-10-24T21:34:18","modified_gmt":"2024-10-24T18:34:18","slug":"stonex-dus-teknesi-cercevesiz-36","status":"publish","type":"product","link":"https:\/\/hamsayapi.com\/index.php\/urun\/stonex-dus-teknesi-cercevesiz-36\/","title":{"rendered":"STONEX\u00ae Du\u015f Teknesi, \u00c7er\u00e7evesiz"},"content":{"rendered":"","protected":false},"excerpt":{"rendered":"<div class=\"left\">\n<div class=\"form-group\"><label>Boyutlar: <\/label> <span id=\"dim-txt\">1600 x 700 x 34 mm<br \/>\n<\/span>(uzunluk, geni\u015flik, y\u00fckseklik)<\/div>\n<\/div>\n","protected":false},"featured_media":20061,"comment_status":"open","ping_status":"closed","template":"","meta":[],"pwb-brand":[2778],"product_brand":[],"product_cat":[2820,2691],"product_tag":[2821],"class_list":{"0":"post-20080","1":"product","2":"type-product","3":"status-publish","4":"has-post-thumbnail","6":"pwb-brand-roca","7":"product_cat-dus-tekneleri","8":"product_cat-lavabo-tamamlayicilari","9":"product_tag-stonex-dus-teknesi","11":"first","12":"instock","13":"shipping-taxable","14":"product-type-simple"},"brands":[{"id":2778,"name":"Roca","slug":"roca"}],"_links":{"self":[{"href":"https:\/\/hamsayapi.com\/index.php\/wp-json\/wp\/v2\/product\/20080","targetHints":{"allow":["GET"]}}],"collection":[{"href":"https:\/\/hamsayapi.com\/index.php\/wp-json\/wp\/v2\/product"}],"about":[{"href":"https:\/\/hamsayapi.com\/index.php\/wp-json\/wp\/v2\/types\/product"}],"replies":[{"embeddable":true,"href":"https:\/\/hamsayapi.com\/index.php\/wp-json\/wp\/v2\/comments?post=20080"}],"version-history":[{"count":2,"href":"https:\/\/hamsayapi.com\/index.php\/wp-json\/wp\/v2\/product\/20080\/revisions"}],"predecessor-version":[{"id":20082,"href":"https:\/\/hamsayapi.com\/index.php\/wp-json\/wp\/v2\/product\/20080\/revisions\/20082"}],"wp:featuredmedia":[{"embeddable":true,"href":"https:\/\/hamsayapi.com\/index.php\/wp-json\/wp\/v2\/media\/20061"}],"wp:attachment":[{"href":"https:\/\/hamsayapi.com\/index.php\/wp-json\/wp\/v2\/media?parent=20080"}],"wp:term":[{"taxonomy":"pwb-brand","embeddable":true,"href":"https:\/\/hamsayapi.com\/index.php\/wp-json\/wp\/v2\/pwb-brand?post=20080"},{"taxonomy":"product_brand","embeddable":true,"href":"https:\/\/hamsayapi.com\/index.php\/wp-json\/wp\/v2\/product_brand?post=20080"},{"taxonomy":"product_cat","embeddable":true,"href":"https:\/\/hamsayapi.com\/index.php\/wp-json\/wp\/v2\/product_cat?post=20080"},{"taxonomy":"product_tag","embeddable":true,"href":"https:\/\/hamsayapi.com\/index.php\/wp-json\/wp\/v2\/product_tag?post=20080"}],"curies":[{"name":"wp","href":"https:\/\/api.w.org\/{rel}","templated":true}]}}