{"id":19886,"date":"2024-10-22T21:24:59","date_gmt":"2024-10-22T18:24:59","guid":{"rendered":"https:\/\/hamsayapi.com\/?post_type=product&#038;p=19886"},"modified":"2024-10-22T21:24:59","modified_gmt":"2024-10-22T18:24:59","slug":"club-sagdan-hidromasaj-kabini-dus-jetleri-sag-tarafta","status":"publish","type":"product","link":"https:\/\/hamsayapi.com\/index.php\/urun\/club-sagdan-hidromasaj-kabini-dus-jetleri-sag-tarafta\/","title":{"rendered":"Club Sa\u011fdan Hidromasaj Kabini (Du\u015f Jetleri Sa\u011f Tarafta)"},"content":{"rendered":"","protected":false},"excerpt":{"rendered":"<p><label>Boyutlar: <\/label> <span id=\"dim-txt\">1200 x 800 x 2135 mm<br \/>\n<\/span>(uzunluk, geni\u015flik, y\u00fckseklik)<\/p>\n","protected":false},"featured_media":19887,"comment_status":"open","ping_status":"closed","template":"","meta":[],"pwb-brand":[2778],"product_brand":[],"product_cat":[2777,2691],"product_tag":[2815],"class_list":{"0":"post-19886","1":"product","2":"type-product","3":"status-publish","4":"has-post-thumbnail","6":"pwb-brand-roca","7":"product_cat-dus-cozumleri","8":"product_cat-lavabo-tamamlayicilari","9":"product_tag-club-sagdan-hidromasaj-kabini-dus-jetleri-sag-tarafta","11":"first","12":"instock","13":"shipping-taxable","14":"product-type-simple"},"brands":[{"id":2778,"name":"Roca","slug":"roca"}],"_links":{"self":[{"href":"https:\/\/hamsayapi.com\/index.php\/wp-json\/wp\/v2\/product\/19886","targetHints":{"allow":["GET"]}}],"collection":[{"href":"https:\/\/hamsayapi.com\/index.php\/wp-json\/wp\/v2\/product"}],"about":[{"href":"https:\/\/hamsayapi.com\/index.php\/wp-json\/wp\/v2\/types\/product"}],"replies":[{"embeddable":true,"href":"https:\/\/hamsayapi.com\/index.php\/wp-json\/wp\/v2\/comments?post=19886"}],"version-history":[{"count":1,"href":"https:\/\/hamsayapi.com\/index.php\/wp-json\/wp\/v2\/product\/19886\/revisions"}],"predecessor-version":[{"id":19888,"href":"https:\/\/hamsayapi.com\/index.php\/wp-json\/wp\/v2\/product\/19886\/revisions\/19888"}],"wp:featuredmedia":[{"embeddable":true,"href":"https:\/\/hamsayapi.com\/index.php\/wp-json\/wp\/v2\/media\/19887"}],"wp:attachment":[{"href":"https:\/\/hamsayapi.com\/index.php\/wp-json\/wp\/v2\/media?parent=19886"}],"wp:term":[{"taxonomy":"pwb-brand","embeddable":true,"href":"https:\/\/hamsayapi.com\/index.php\/wp-json\/wp\/v2\/pwb-brand?post=19886"},{"taxonomy":"product_brand","embeddable":true,"href":"https:\/\/hamsayapi.com\/index.php\/wp-json\/wp\/v2\/product_brand?post=19886"},{"taxonomy":"product_cat","embeddable":true,"href":"https:\/\/hamsayapi.com\/index.php\/wp-json\/wp\/v2\/product_cat?post=19886"},{"taxonomy":"product_tag","embeddable":true,"href":"https:\/\/hamsayapi.com\/index.php\/wp-json\/wp\/v2\/product_tag?post=19886"}],"curies":[{"name":"wp","href":"https:\/\/api.w.org\/{rel}","templated":true}]}}