{"id":19872,"date":"2024-10-22T21:20:26","date_gmt":"2024-10-22T18:20:26","guid":{"rendered":"https:\/\/hamsayapi.com\/?post_type=product&#038;p=19872"},"modified":"2024-10-22T21:20:26","modified_gmt":"2024-10-22T18:20:26","slug":"3-fonksiyonlu-surgulu-el-dusu","status":"publish","type":"product","link":"https:\/\/hamsayapi.com\/index.php\/urun\/3-fonksiyonlu-surgulu-el-dusu\/","title":{"rendered":"3 Fonksiyonlu S\u00fcrg\u00fcl\u00fc El Du\u015fu"},"content":{"rendered":"","protected":false},"excerpt":{"rendered":"","protected":false},"featured_media":19873,"comment_status":"open","ping_status":"closed","template":"","meta":[],"pwb-brand":[2778],"product_brand":[],"product_cat":[2777,2691],"product_tag":[2812],"class_list":{"0":"post-19872","1":"product","2":"type-product","3":"status-publish","4":"has-post-thumbnail","6":"pwb-brand-roca","7":"product_cat-dus-cozumleri","8":"product_cat-lavabo-tamamlayicilari","9":"product_tag-3-fonksiyonlu-surgulu-el-dusu","11":"first","12":"instock","13":"shipping-taxable","14":"product-type-simple"},"brands":[{"id":2778,"name":"Roca","slug":"roca"}],"_links":{"self":[{"href":"https:\/\/hamsayapi.com\/index.php\/wp-json\/wp\/v2\/product\/19872","targetHints":{"allow":["GET"]}}],"collection":[{"href":"https:\/\/hamsayapi.com\/index.php\/wp-json\/wp\/v2\/product"}],"about":[{"href":"https:\/\/hamsayapi.com\/index.php\/wp-json\/wp\/v2\/types\/product"}],"replies":[{"embeddable":true,"href":"https:\/\/hamsayapi.com\/index.php\/wp-json\/wp\/v2\/comments?post=19872"}],"version-history":[{"count":2,"href":"https:\/\/hamsayapi.com\/index.php\/wp-json\/wp\/v2\/product\/19872\/revisions"}],"predecessor-version":[{"id":19875,"href":"https:\/\/hamsayapi.com\/index.php\/wp-json\/wp\/v2\/product\/19872\/revisions\/19875"}],"wp:featuredmedia":[{"embeddable":true,"href":"https:\/\/hamsayapi.com\/index.php\/wp-json\/wp\/v2\/media\/19873"}],"wp:attachment":[{"href":"https:\/\/hamsayapi.com\/index.php\/wp-json\/wp\/v2\/media?parent=19872"}],"wp:term":[{"taxonomy":"pwb-brand","embeddable":true,"href":"https:\/\/hamsayapi.com\/index.php\/wp-json\/wp\/v2\/pwb-brand?post=19872"},{"taxonomy":"product_brand","embeddable":true,"href":"https:\/\/hamsayapi.com\/index.php\/wp-json\/wp\/v2\/product_brand?post=19872"},{"taxonomy":"product_cat","embeddable":true,"href":"https:\/\/hamsayapi.com\/index.php\/wp-json\/wp\/v2\/product_cat?post=19872"},{"taxonomy":"product_tag","embeddable":true,"href":"https:\/\/hamsayapi.com\/index.php\/wp-json\/wp\/v2\/product_tag?post=19872"}],"curies":[{"name":"wp","href":"https:\/\/api.w.org\/{rel}","templated":true}]}}