{"id":19713,"date":"2024-10-21T21:26:33","date_gmt":"2024-10-21T18:26:33","guid":{"rendered":"https:\/\/hamsayapi.com\/?post_type=product&#038;p=19713"},"modified":"2024-10-21T21:26:34","modified_gmt":"2024-10-21T18:26:34","slug":"kose-montaji-icin-montaj-kiti","status":"publish","type":"product","link":"https:\/\/hamsayapi.com\/index.php\/urun\/kose-montaji-icin-montaj-kiti\/","title":{"rendered":"K\u00f6\u015fe Montaj\u0131 \u0130\u00e7in Montaj Kiti"},"content":{"rendered":"","protected":false},"excerpt":{"rendered":"","protected":false},"featured_media":19714,"comment_status":"open","ping_status":"closed","template":"","meta":[],"pwb-brand":[2778],"product_brand":[],"product_cat":[2777,2691],"product_tag":[2786],"class_list":{"0":"post-19713","1":"product","2":"type-product","3":"status-publish","4":"has-post-thumbnail","6":"pwb-brand-roca","7":"product_cat-dus-cozumleri","8":"product_cat-lavabo-tamamlayicilari","9":"product_tag-kose-montaji-icin-montaj-kiti","11":"first","12":"instock","13":"shipping-taxable","14":"product-type-simple"},"brands":[{"id":2778,"name":"Roca","slug":"roca"}],"_links":{"self":[{"href":"https:\/\/hamsayapi.com\/index.php\/wp-json\/wp\/v2\/product\/19713","targetHints":{"allow":["GET"]}}],"collection":[{"href":"https:\/\/hamsayapi.com\/index.php\/wp-json\/wp\/v2\/product"}],"about":[{"href":"https:\/\/hamsayapi.com\/index.php\/wp-json\/wp\/v2\/types\/product"}],"replies":[{"embeddable":true,"href":"https:\/\/hamsayapi.com\/index.php\/wp-json\/wp\/v2\/comments?post=19713"}],"version-history":[{"count":1,"href":"https:\/\/hamsayapi.com\/index.php\/wp-json\/wp\/v2\/product\/19713\/revisions"}],"predecessor-version":[{"id":19715,"href":"https:\/\/hamsayapi.com\/index.php\/wp-json\/wp\/v2\/product\/19713\/revisions\/19715"}],"wp:featuredmedia":[{"embeddable":true,"href":"https:\/\/hamsayapi.com\/index.php\/wp-json\/wp\/v2\/media\/19714"}],"wp:attachment":[{"href":"https:\/\/hamsayapi.com\/index.php\/wp-json\/wp\/v2\/media?parent=19713"}],"wp:term":[{"taxonomy":"pwb-brand","embeddable":true,"href":"https:\/\/hamsayapi.com\/index.php\/wp-json\/wp\/v2\/pwb-brand?post=19713"},{"taxonomy":"product_brand","embeddable":true,"href":"https:\/\/hamsayapi.com\/index.php\/wp-json\/wp\/v2\/product_brand?post=19713"},{"taxonomy":"product_cat","embeddable":true,"href":"https:\/\/hamsayapi.com\/index.php\/wp-json\/wp\/v2\/product_cat?post=19713"},{"taxonomy":"product_tag","embeddable":true,"href":"https:\/\/hamsayapi.com\/index.php\/wp-json\/wp\/v2\/product_tag?post=19713"}],"curies":[{"name":"wp","href":"https:\/\/api.w.org\/{rel}","templated":true}]}}