{"id":19637,"date":"2024-10-19T20:34:15","date_gmt":"2024-10-19T17:34:15","guid":{"rendered":"https:\/\/hamsayapi.com\/?post_type=product&#038;p=19637"},"modified":"2024-10-20T08:06:35","modified_gmt":"2024-10-20T05:06:35","slug":"perlux-perlitli-siva-alcisi","status":"publish","type":"product","link":"https:\/\/hamsayapi.com\/index.php\/urun\/perlux-perlitli-siva-alcisi\/","title":{"rendered":"Perlux Perlitli S\u0131va Al\u00e7\u0131s\u0131"},"content":{"rendered":"","protected":false},"excerpt":{"rendered":"","protected":false},"featured_media":19638,"comment_status":"open","ping_status":"closed","template":"","meta":[],"pwb-brand":[2780],"product_brand":[],"product_cat":[2756],"product_tag":[2766],"class_list":{"0":"post-19637","1":"product","2":"type-product","3":"status-publish","4":"has-post-thumbnail","6":"pwb-brand-dalsan","7":"product_cat-yapi-alcilari","8":"product_tag-perlux-perlitli-siva-alcisi","10":"first","11":"instock","12":"shipping-taxable","13":"product-type-simple"},"brands":[{"id":2780,"name":"Dalsan","slug":"dalsan"}],"_links":{"self":[{"href":"https:\/\/hamsayapi.com\/index.php\/wp-json\/wp\/v2\/product\/19637","targetHints":{"allow":["GET"]}}],"collection":[{"href":"https:\/\/hamsayapi.com\/index.php\/wp-json\/wp\/v2\/product"}],"about":[{"href":"https:\/\/hamsayapi.com\/index.php\/wp-json\/wp\/v2\/types\/product"}],"replies":[{"embeddable":true,"href":"https:\/\/hamsayapi.com\/index.php\/wp-json\/wp\/v2\/comments?post=19637"}],"version-history":[{"count":2,"href":"https:\/\/hamsayapi.com\/index.php\/wp-json\/wp\/v2\/product\/19637\/revisions"}],"predecessor-version":[{"id":19682,"href":"https:\/\/hamsayapi.com\/index.php\/wp-json\/wp\/v2\/product\/19637\/revisions\/19682"}],"wp:featuredmedia":[{"embeddable":true,"href":"https:\/\/hamsayapi.com\/index.php\/wp-json\/wp\/v2\/media\/19638"}],"wp:attachment":[{"href":"https:\/\/hamsayapi.com\/index.php\/wp-json\/wp\/v2\/media?parent=19637"}],"wp:term":[{"taxonomy":"pwb-brand","embeddable":true,"href":"https:\/\/hamsayapi.com\/index.php\/wp-json\/wp\/v2\/pwb-brand?post=19637"},{"taxonomy":"product_brand","embeddable":true,"href":"https:\/\/hamsayapi.com\/index.php\/wp-json\/wp\/v2\/product_brand?post=19637"},{"taxonomy":"product_cat","embeddable":true,"href":"https:\/\/hamsayapi.com\/index.php\/wp-json\/wp\/v2\/product_cat?post=19637"},{"taxonomy":"product_tag","embeddable":true,"href":"https:\/\/hamsayapi.com\/index.php\/wp-json\/wp\/v2\/product_tag?post=19637"}],"curies":[{"name":"wp","href":"https:\/\/api.w.org\/{rel}","templated":true}]}}