{"id":18388,"date":"2024-05-19T21:48:07","date_gmt":"2024-05-19T18:48:07","guid":{"rendered":"https:\/\/hamsayapi.com\/?post_type=product&#038;p=18388"},"modified":"2024-05-19T21:48:07","modified_gmt":"2024-05-19T18:48:07","slug":"tinta-serisi-md-617-1-siva-alti","status":"publish","type":"product","link":"https:\/\/hamsayapi.com\/index.php\/urun\/tinta-serisi-md-617-1-siva-alti\/","title":{"rendered":"Tinta Serisi | MD 617-1 S\u0131va Alt\u0131"},"content":{"rendered":"<p>Tinta Serisi | MD 617-1 S\u0131va Alt\u0131Tinta Serisi | MD 617-1 S\u0131va Alt\u0131Tinta Serisi | MD 617-1 S\u0131va Alt\u0131<\/p>\n","protected":false},"excerpt":{"rendered":"<p>Tinta Serisi | MD 617-1 S\u0131va Alt\u0131Tinta Serisi | MD 617-1 S\u0131va Alt\u0131Tinta Serisi | MD 617-1 S\u0131va Alt\u0131<\/p>\n","protected":false},"featured_media":18391,"comment_status":"open","ping_status":"closed","template":"","meta":[],"pwb-brand":[],"product_brand":[],"product_cat":[2382,2586],"product_tag":[2655],"class_list":{"0":"post-18388","1":"product","2":"type-product","3":"status-publish","4":"has-post-thumbnail","6":"product_cat-aydinlatma","7":"product_cat-siva-alti-aydinlatma","8":"product_tag-tinta-serisi-md-617-1-siva-alti","10":"first","11":"instock","12":"shipping-taxable","13":"product-type-simple"},"brands":[],"_links":{"self":[{"href":"https:\/\/hamsayapi.com\/index.php\/wp-json\/wp\/v2\/product\/18388","targetHints":{"allow":["GET"]}}],"collection":[{"href":"https:\/\/hamsayapi.com\/index.php\/wp-json\/wp\/v2\/product"}],"about":[{"href":"https:\/\/hamsayapi.com\/index.php\/wp-json\/wp\/v2\/types\/product"}],"replies":[{"embeddable":true,"href":"https:\/\/hamsayapi.com\/index.php\/wp-json\/wp\/v2\/comments?post=18388"}],"version-history":[{"count":2,"href":"https:\/\/hamsayapi.com\/index.php\/wp-json\/wp\/v2\/product\/18388\/revisions"}],"predecessor-version":[{"id":18393,"href":"https:\/\/hamsayapi.com\/index.php\/wp-json\/wp\/v2\/product\/18388\/revisions\/18393"}],"wp:featuredmedia":[{"embeddable":true,"href":"https:\/\/hamsayapi.com\/index.php\/wp-json\/wp\/v2\/media\/18391"}],"wp:attachment":[{"href":"https:\/\/hamsayapi.com\/index.php\/wp-json\/wp\/v2\/media?parent=18388"}],"wp:term":[{"taxonomy":"pwb-brand","embeddable":true,"href":"https:\/\/hamsayapi.com\/index.php\/wp-json\/wp\/v2\/pwb-brand?post=18388"},{"taxonomy":"product_brand","embeddable":true,"href":"https:\/\/hamsayapi.com\/index.php\/wp-json\/wp\/v2\/product_brand?post=18388"},{"taxonomy":"product_cat","embeddable":true,"href":"https:\/\/hamsayapi.com\/index.php\/wp-json\/wp\/v2\/product_cat?post=18388"},{"taxonomy":"product_tag","embeddable":true,"href":"https:\/\/hamsayapi.com\/index.php\/wp-json\/wp\/v2\/product_tag?post=18388"}],"curies":[{"name":"wp","href":"https:\/\/api.w.org\/{rel}","templated":true}]}}