{"id":17974,"date":"2024-05-19T19:35:39","date_gmt":"2024-05-19T16:35:39","guid":{"rendered":"https:\/\/hamsayapi.com\/?post_type=product&#038;p=17974"},"modified":"2024-05-19T19:35:39","modified_gmt":"2024-05-19T16:35:39","slug":"yamas-serisi-mx-203-sarkit-acil-aydinlatma-ve-yonlendirme-armaturu","status":"publish","type":"product","link":"https:\/\/hamsayapi.com\/index.php\/urun\/yamas-serisi-mx-203-sarkit-acil-aydinlatma-ve-yonlendirme-armaturu\/","title":{"rendered":"Yamas Serisi | MX 203 Sark\u0131t Acil Ayd\u0131nlatma ve Y\u00f6nlendirme Armat\u00fcr\u00fc"},"content":{"rendered":"","protected":false},"excerpt":{"rendered":"<p><strong>Armat\u00fcr \u00d6zellikleri<\/strong><\/p>\n<p><strong>G\u00f6vde: <\/strong>Aluminyum profil g\u00f6vde, ABS plastik kapaklar<br \/>\n<strong>I\u015f\u0131k Kayna\u011f\u0131:<\/strong> Mid Power LED<br \/>\n<b>Optik: <\/b>Y\u00fcksek ge\u00e7irgenli\u011fe sahip PMMA<br \/>\n<b>IP Koruma: <\/b>IP 20<br \/>\n<strong>Aktif G\u00fc\u00e7:<\/strong> 1,5 W<br \/>\n<strong>Opsiyonlar:<\/strong> Tek ve \u00c7ift Y\u00fczl\u00fc Uygulama<\/p>\n","protected":false},"featured_media":17976,"comment_status":"open","ping_status":"closed","template":"","meta":[],"pwb-brand":[],"product_brand":[],"product_cat":[2567,2382],"product_tag":[2578],"class_list":{"0":"post-17974","1":"product","2":"type-product","3":"status-publish","4":"has-post-thumbnail","6":"product_cat-acil-aydinlatma-ve-yonlendirmeler","7":"product_cat-aydinlatma","8":"product_tag-yamas-serisi-mx-203-sarkit-acil-aydinlatma-ve-yonlendirme-armaturu","10":"first","11":"instock","12":"shipping-taxable","13":"product-type-simple"},"brands":[],"_links":{"self":[{"href":"https:\/\/hamsayapi.com\/index.php\/wp-json\/wp\/v2\/product\/17974","targetHints":{"allow":["GET"]}}],"collection":[{"href":"https:\/\/hamsayapi.com\/index.php\/wp-json\/wp\/v2\/product"}],"about":[{"href":"https:\/\/hamsayapi.com\/index.php\/wp-json\/wp\/v2\/types\/product"}],"replies":[{"embeddable":true,"href":"https:\/\/hamsayapi.com\/index.php\/wp-json\/wp\/v2\/comments?post=17974"}],"version-history":[{"count":1,"href":"https:\/\/hamsayapi.com\/index.php\/wp-json\/wp\/v2\/product\/17974\/revisions"}],"predecessor-version":[{"id":17977,"href":"https:\/\/hamsayapi.com\/index.php\/wp-json\/wp\/v2\/product\/17974\/revisions\/17977"}],"wp:featuredmedia":[{"embeddable":true,"href":"https:\/\/hamsayapi.com\/index.php\/wp-json\/wp\/v2\/media\/17976"}],"wp:attachment":[{"href":"https:\/\/hamsayapi.com\/index.php\/wp-json\/wp\/v2\/media?parent=17974"}],"wp:term":[{"taxonomy":"pwb-brand","embeddable":true,"href":"https:\/\/hamsayapi.com\/index.php\/wp-json\/wp\/v2\/pwb-brand?post=17974"},{"taxonomy":"product_brand","embeddable":true,"href":"https:\/\/hamsayapi.com\/index.php\/wp-json\/wp\/v2\/product_brand?post=17974"},{"taxonomy":"product_cat","embeddable":true,"href":"https:\/\/hamsayapi.com\/index.php\/wp-json\/wp\/v2\/product_cat?post=17974"},{"taxonomy":"product_tag","embeddable":true,"href":"https:\/\/hamsayapi.com\/index.php\/wp-json\/wp\/v2\/product_tag?post=17974"}],"curies":[{"name":"wp","href":"https:\/\/api.w.org\/{rel}","templated":true}]}}