{"id":17961,"date":"2024-05-19T19:32:44","date_gmt":"2024-05-19T16:32:44","guid":{"rendered":"https:\/\/hamsayapi.com\/?post_type=product&#038;p=17961"},"modified":"2024-05-19T19:32:45","modified_gmt":"2024-05-19T16:32:45","slug":"yamas-serisi-mx-200-sarkit-acil-aydinlatma-ve-yonlendirme-armaturu","status":"publish","type":"product","link":"https:\/\/hamsayapi.com\/index.php\/urun\/yamas-serisi-mx-200-sarkit-acil-aydinlatma-ve-yonlendirme-armaturu\/","title":{"rendered":"Yamas Serisi | MX 200 Sark\u0131t Acil Ayd\u0131nlatma ve Y\u00f6nlendirme Armat\u00fcr\u00fc"},"content":{"rendered":"","protected":false},"excerpt":{"rendered":"","protected":false},"featured_media":17963,"comment_status":"open","ping_status":"closed","template":"","meta":[],"pwb-brand":[],"product_brand":[],"product_cat":[2567,2382],"product_tag":[2575],"class_list":{"0":"post-17961","1":"product","2":"type-product","3":"status-publish","4":"has-post-thumbnail","6":"product_cat-acil-aydinlatma-ve-yonlendirmeler","7":"product_cat-aydinlatma","8":"product_tag-yamas-serisi-mx-200-sarkit-acil-aydinlatma-ve-yonlendirme-armaturu","10":"first","11":"instock","12":"shipping-taxable","13":"product-type-simple"},"brands":[],"_links":{"self":[{"href":"https:\/\/hamsayapi.com\/index.php\/wp-json\/wp\/v2\/product\/17961","targetHints":{"allow":["GET"]}}],"collection":[{"href":"https:\/\/hamsayapi.com\/index.php\/wp-json\/wp\/v2\/product"}],"about":[{"href":"https:\/\/hamsayapi.com\/index.php\/wp-json\/wp\/v2\/types\/product"}],"replies":[{"embeddable":true,"href":"https:\/\/hamsayapi.com\/index.php\/wp-json\/wp\/v2\/comments?post=17961"}],"version-history":[{"count":1,"href":"https:\/\/hamsayapi.com\/index.php\/wp-json\/wp\/v2\/product\/17961\/revisions"}],"predecessor-version":[{"id":17964,"href":"https:\/\/hamsayapi.com\/index.php\/wp-json\/wp\/v2\/product\/17961\/revisions\/17964"}],"wp:featuredmedia":[{"embeddable":true,"href":"https:\/\/hamsayapi.com\/index.php\/wp-json\/wp\/v2\/media\/17963"}],"wp:attachment":[{"href":"https:\/\/hamsayapi.com\/index.php\/wp-json\/wp\/v2\/media?parent=17961"}],"wp:term":[{"taxonomy":"pwb-brand","embeddable":true,"href":"https:\/\/hamsayapi.com\/index.php\/wp-json\/wp\/v2\/pwb-brand?post=17961"},{"taxonomy":"product_brand","embeddable":true,"href":"https:\/\/hamsayapi.com\/index.php\/wp-json\/wp\/v2\/product_brand?post=17961"},{"taxonomy":"product_cat","embeddable":true,"href":"https:\/\/hamsayapi.com\/index.php\/wp-json\/wp\/v2\/product_cat?post=17961"},{"taxonomy":"product_tag","embeddable":true,"href":"https:\/\/hamsayapi.com\/index.php\/wp-json\/wp\/v2\/product_tag?post=17961"}],"curies":[{"name":"wp","href":"https:\/\/api.w.org\/{rel}","templated":true}]}}