{"id":17922,"date":"2024-05-19T19:08:43","date_gmt":"2024-05-19T16:08:43","guid":{"rendered":"https:\/\/hamsayapi.com\/?post_type=product&#038;p=17922"},"modified":"2024-05-19T19:08:43","modified_gmt":"2024-05-19T16:08:43","slug":"belinda-serisi-mj-108-yuksek-tavan-armatur","status":"publish","type":"product","link":"https:\/\/hamsayapi.com\/index.php\/urun\/belinda-serisi-mj-108-yuksek-tavan-armatur\/","title":{"rendered":"Belinda Serisi | MJ 108 Y\u00fcksek Tavan Armat\u00fcr"},"content":{"rendered":"","protected":false},"excerpt":{"rendered":"<div class=\"chip block \">\n<div class=\"chip_header\">G\u00f6vde \u00d6zellikleri<\/div>\n<div class=\"chip_content\">Elektrostatik toz boyal\u0131 al\u00fcminyum g\u00f6vde.<\/div>\n<\/div>\n<div class=\"chip block \">\n<div class=\"chip_header\">Optik \u00d6zellikler<\/div>\n<div class=\"chip_content\">Temperli cam<\/div>\n<\/div>\n<div class=\"chip block \">\n<div class=\"chip_header\">LED<\/div>\n<div class=\"chip_content\">Minimum 100.000 saat \u00f6m\u00fcrl\u00fc SMD LED<\/div>\n<\/div>\n<div class=\"chip block \">\n<div class=\"chip_header\">S\u00fcr\u00fcc\u00fc<\/div>\n<div class=\"chip_content\">Sabit ak\u0131m \u00e7\u0131k\u0131\u015fl\u0131 y\u00fcksek verimli s\u00fcr\u00fcc\u00fc<\/div>\n<\/div>\n<div class=\"chip block \">\n<div class=\"chip_header\">\u00c7al\u0131\u015fma S\u0131cakl\u0131\u011f\u0131<\/div>\n<div class=\"chip_content\">-40+60 \u00b0C<\/div>\n<\/div>\n","protected":false},"featured_media":17924,"comment_status":"open","ping_status":"closed","template":"","meta":[],"pwb-brand":[],"product_brand":[],"product_cat":[2382,2549],"product_tag":[2565],"class_list":{"0":"post-17922","1":"product","2":"type-product","3":"status-publish","4":"has-post-thumbnail","6":"product_cat-aydinlatma","7":"product_cat-endustriyel-aydinlatma","8":"product_tag-belinda-serisi-mj-108-yuksek-tavan-armatur","10":"first","11":"instock","12":"shipping-taxable","13":"product-type-simple"},"brands":[],"_links":{"self":[{"href":"https:\/\/hamsayapi.com\/index.php\/wp-json\/wp\/v2\/product\/17922","targetHints":{"allow":["GET"]}}],"collection":[{"href":"https:\/\/hamsayapi.com\/index.php\/wp-json\/wp\/v2\/product"}],"about":[{"href":"https:\/\/hamsayapi.com\/index.php\/wp-json\/wp\/v2\/types\/product"}],"replies":[{"embeddable":true,"href":"https:\/\/hamsayapi.com\/index.php\/wp-json\/wp\/v2\/comments?post=17922"}],"version-history":[{"count":2,"href":"https:\/\/hamsayapi.com\/index.php\/wp-json\/wp\/v2\/product\/17922\/revisions"}],"predecessor-version":[{"id":17926,"href":"https:\/\/hamsayapi.com\/index.php\/wp-json\/wp\/v2\/product\/17922\/revisions\/17926"}],"wp:featuredmedia":[{"embeddable":true,"href":"https:\/\/hamsayapi.com\/index.php\/wp-json\/wp\/v2\/media\/17924"}],"wp:attachment":[{"href":"https:\/\/hamsayapi.com\/index.php\/wp-json\/wp\/v2\/media?parent=17922"}],"wp:term":[{"taxonomy":"pwb-brand","embeddable":true,"href":"https:\/\/hamsayapi.com\/index.php\/wp-json\/wp\/v2\/pwb-brand?post=17922"},{"taxonomy":"product_brand","embeddable":true,"href":"https:\/\/hamsayapi.com\/index.php\/wp-json\/wp\/v2\/product_brand?post=17922"},{"taxonomy":"product_cat","embeddable":true,"href":"https:\/\/hamsayapi.com\/index.php\/wp-json\/wp\/v2\/product_cat?post=17922"},{"taxonomy":"product_tag","embeddable":true,"href":"https:\/\/hamsayapi.com\/index.php\/wp-json\/wp\/v2\/product_tag?post=17922"}],"curies":[{"name":"wp","href":"https:\/\/api.w.org\/{rel}","templated":true}]}}