{"id":17885,"date":"2024-05-19T19:00:27","date_gmt":"2024-05-19T16:00:27","guid":{"rendered":"https:\/\/hamsayapi.com\/?post_type=product&#038;p=17885"},"modified":"2024-05-19T19:00:27","modified_gmt":"2024-05-19T16:00:27","slug":"dosia-serisi-mj-200-600-clip-in-panel-aydinlatma","status":"publish","type":"product","link":"https:\/\/hamsayapi.com\/index.php\/urun\/dosia-serisi-mj-200-600-clip-in-panel-aydinlatma\/","title":{"rendered":"Dosia Serisi | MJ 200-600 Clip-In Panel Ayd\u0131nlatma"},"content":{"rendered":"","protected":false},"excerpt":{"rendered":"<p><strong>\u00d6ZELL\u0130KLER<\/strong><br \/>\n<strong>G\u00f6vde<\/strong>: DKP Sac G\u00f6vde<br \/>\n<strong>Boya:<\/strong>\u00a0Elektrostatik Toz Boya<br \/>\n<strong>LED:<\/strong>\u00a0L70&gt; 50.000 Saat \u00d6m\u00fcrl\u00fc Mid Power LED<br \/>\n<strong>Optik:\u00a0<\/strong>Y\u00fcksek Ge\u00e7irgenli\u011fe Sahip UGR: &lt;19 Opal Dif\u00fcz\u00f6r<br \/>\n<strong>PCB:<\/strong>\u00a0Is\u0131 \u0130letkenli\u011fi Y\u00fcksek PCB<br \/>\n<strong>S\u00fcr\u00fcc\u00fc:<\/strong>\u00a0Y\u00fcksek Verimli ENEC Sertifikal\u0131<br \/>\n<strong>Opsiyonlar:\u00a0<\/strong>DALI ve koridor fonksiyon uygulamas\u0131. 1-10V Dim uygulamas\u0131. 3 saate kadar acil durum ayd\u0131nlatma uygulamas\u0131. \u0130stenilen renk s\u0131cakl\u0131\u011f\u0131nda (CCT) LED uygulamas\u0131<\/p>\n","protected":false},"featured_media":17888,"comment_status":"open","ping_status":"closed","template":"","meta":[],"pwb-brand":[],"product_brand":[],"product_cat":[2382,2549],"product_tag":[2557],"class_list":{"0":"post-17885","1":"product","2":"type-product","3":"status-publish","4":"has-post-thumbnail","6":"product_cat-aydinlatma","7":"product_cat-endustriyel-aydinlatma","8":"product_tag-dosia-serisi-mj-200-600-clip-in-panel-aydinlatma","10":"first","11":"instock","12":"shipping-taxable","13":"product-type-simple"},"brands":[],"_links":{"self":[{"href":"https:\/\/hamsayapi.com\/index.php\/wp-json\/wp\/v2\/product\/17885","targetHints":{"allow":["GET"]}}],"collection":[{"href":"https:\/\/hamsayapi.com\/index.php\/wp-json\/wp\/v2\/product"}],"about":[{"href":"https:\/\/hamsayapi.com\/index.php\/wp-json\/wp\/v2\/types\/product"}],"replies":[{"embeddable":true,"href":"https:\/\/hamsayapi.com\/index.php\/wp-json\/wp\/v2\/comments?post=17885"}],"version-history":[{"count":1,"href":"https:\/\/hamsayapi.com\/index.php\/wp-json\/wp\/v2\/product\/17885\/revisions"}],"predecessor-version":[{"id":17889,"href":"https:\/\/hamsayapi.com\/index.php\/wp-json\/wp\/v2\/product\/17885\/revisions\/17889"}],"wp:featuredmedia":[{"embeddable":true,"href":"https:\/\/hamsayapi.com\/index.php\/wp-json\/wp\/v2\/media\/17888"}],"wp:attachment":[{"href":"https:\/\/hamsayapi.com\/index.php\/wp-json\/wp\/v2\/media?parent=17885"}],"wp:term":[{"taxonomy":"pwb-brand","embeddable":true,"href":"https:\/\/hamsayapi.com\/index.php\/wp-json\/wp\/v2\/pwb-brand?post=17885"},{"taxonomy":"product_brand","embeddable":true,"href":"https:\/\/hamsayapi.com\/index.php\/wp-json\/wp\/v2\/product_brand?post=17885"},{"taxonomy":"product_cat","embeddable":true,"href":"https:\/\/hamsayapi.com\/index.php\/wp-json\/wp\/v2\/product_cat?post=17885"},{"taxonomy":"product_tag","embeddable":true,"href":"https:\/\/hamsayapi.com\/index.php\/wp-json\/wp\/v2\/product_tag?post=17885"}],"curies":[{"name":"wp","href":"https:\/\/api.w.org\/{rel}","templated":true}]}}