{"id":17830,"date":"2024-05-19T18:21:39","date_gmt":"2024-05-19T15:21:39","guid":{"rendered":"https:\/\/hamsayapi.com\/?post_type=product&#038;p=17830"},"modified":"2024-05-19T18:21:39","modified_gmt":"2024-05-19T15:21:39","slug":"moss-serisi-mo-120-dis-mekan-aydinlatma","status":"publish","type":"product","link":"https:\/\/hamsayapi.com\/index.php\/urun\/moss-serisi-mo-120-dis-mekan-aydinlatma\/","title":{"rendered":"Moss Serisi | MO 120 D\u0131\u015f Mekan Ayd\u0131nlatma"},"content":{"rendered":"","protected":false},"excerpt":{"rendered":"","protected":false},"featured_media":17833,"comment_status":"open","ping_status":"closed","template":"","meta":[],"pwb-brand":[],"product_brand":[],"product_cat":[2382,2532],"product_tag":[2545],"class_list":{"0":"post-17830","1":"product","2":"type-product","3":"status-publish","4":"has-post-thumbnail","6":"product_cat-aydinlatma","7":"product_cat-dis-mekan","8":"product_tag-moss-serisi-mo-120-dis-mekan-aydinlatma","10":"first","11":"instock","12":"shipping-taxable","13":"product-type-simple"},"brands":[],"_links":{"self":[{"href":"https:\/\/hamsayapi.com\/index.php\/wp-json\/wp\/v2\/product\/17830","targetHints":{"allow":["GET"]}}],"collection":[{"href":"https:\/\/hamsayapi.com\/index.php\/wp-json\/wp\/v2\/product"}],"about":[{"href":"https:\/\/hamsayapi.com\/index.php\/wp-json\/wp\/v2\/types\/product"}],"replies":[{"embeddable":true,"href":"https:\/\/hamsayapi.com\/index.php\/wp-json\/wp\/v2\/comments?post=17830"}],"version-history":[{"count":2,"href":"https:\/\/hamsayapi.com\/index.php\/wp-json\/wp\/v2\/product\/17830\/revisions"}],"predecessor-version":[{"id":17835,"href":"https:\/\/hamsayapi.com\/index.php\/wp-json\/wp\/v2\/product\/17830\/revisions\/17835"}],"wp:featuredmedia":[{"embeddable":true,"href":"https:\/\/hamsayapi.com\/index.php\/wp-json\/wp\/v2\/media\/17833"}],"wp:attachment":[{"href":"https:\/\/hamsayapi.com\/index.php\/wp-json\/wp\/v2\/media?parent=17830"}],"wp:term":[{"taxonomy":"pwb-brand","embeddable":true,"href":"https:\/\/hamsayapi.com\/index.php\/wp-json\/wp\/v2\/pwb-brand?post=17830"},{"taxonomy":"product_brand","embeddable":true,"href":"https:\/\/hamsayapi.com\/index.php\/wp-json\/wp\/v2\/product_brand?post=17830"},{"taxonomy":"product_cat","embeddable":true,"href":"https:\/\/hamsayapi.com\/index.php\/wp-json\/wp\/v2\/product_cat?post=17830"},{"taxonomy":"product_tag","embeddable":true,"href":"https:\/\/hamsayapi.com\/index.php\/wp-json\/wp\/v2\/product_tag?post=17830"}],"curies":[{"name":"wp","href":"https:\/\/api.w.org\/{rel}","templated":true}]}}