{"id":17771,"date":"2024-05-19T18:11:39","date_gmt":"2024-05-19T15:11:39","guid":{"rendered":"https:\/\/hamsayapi.com\/?post_type=product&#038;p=17771"},"modified":"2024-05-19T18:11:40","modified_gmt":"2024-05-19T15:11:40","slug":"moss-serisi-mo-114-dis-mekan-aydinlatma","status":"publish","type":"product","link":"https:\/\/hamsayapi.com\/index.php\/urun\/moss-serisi-mo-114-dis-mekan-aydinlatma\/","title":{"rendered":"Moss Serisi | MO 114 D\u0131\u015f Mekan Ayd\u0131nlatma"},"content":{"rendered":"","protected":false},"excerpt":{"rendered":"","protected":false},"featured_media":17774,"comment_status":"open","ping_status":"closed","template":"","meta":[],"pwb-brand":[],"product_brand":[],"product_cat":[2382,2532],"product_tag":[2537],"class_list":{"0":"post-17771","1":"product","2":"type-product","3":"status-publish","4":"has-post-thumbnail","6":"product_cat-aydinlatma","7":"product_cat-dis-mekan","8":"product_tag-moss-serisi-mo-114-dis-mekan-aydinlatma","10":"first","11":"instock","12":"shipping-taxable","13":"product-type-simple"},"brands":[],"_links":{"self":[{"href":"https:\/\/hamsayapi.com\/index.php\/wp-json\/wp\/v2\/product\/17771","targetHints":{"allow":["GET"]}}],"collection":[{"href":"https:\/\/hamsayapi.com\/index.php\/wp-json\/wp\/v2\/product"}],"about":[{"href":"https:\/\/hamsayapi.com\/index.php\/wp-json\/wp\/v2\/types\/product"}],"replies":[{"embeddable":true,"href":"https:\/\/hamsayapi.com\/index.php\/wp-json\/wp\/v2\/comments?post=17771"}],"version-history":[{"count":1,"href":"https:\/\/hamsayapi.com\/index.php\/wp-json\/wp\/v2\/product\/17771\/revisions"}],"predecessor-version":[{"id":17775,"href":"https:\/\/hamsayapi.com\/index.php\/wp-json\/wp\/v2\/product\/17771\/revisions\/17775"}],"wp:featuredmedia":[{"embeddable":true,"href":"https:\/\/hamsayapi.com\/index.php\/wp-json\/wp\/v2\/media\/17774"}],"wp:attachment":[{"href":"https:\/\/hamsayapi.com\/index.php\/wp-json\/wp\/v2\/media?parent=17771"}],"wp:term":[{"taxonomy":"pwb-brand","embeddable":true,"href":"https:\/\/hamsayapi.com\/index.php\/wp-json\/wp\/v2\/pwb-brand?post=17771"},{"taxonomy":"product_brand","embeddable":true,"href":"https:\/\/hamsayapi.com\/index.php\/wp-json\/wp\/v2\/product_brand?post=17771"},{"taxonomy":"product_cat","embeddable":true,"href":"https:\/\/hamsayapi.com\/index.php\/wp-json\/wp\/v2\/product_cat?post=17771"},{"taxonomy":"product_tag","embeddable":true,"href":"https:\/\/hamsayapi.com\/index.php\/wp-json\/wp\/v2\/product_tag?post=17771"}],"curies":[{"name":"wp","href":"https:\/\/api.w.org\/{rel}","templated":true}]}}