{"id":17694,"date":"2024-05-19T17:28:53","date_gmt":"2024-05-19T14:28:53","guid":{"rendered":"https:\/\/hamsayapi.com\/?post_type=product&#038;p=17694"},"modified":"2024-05-19T17:31:21","modified_gmt":"2024-05-19T14:31:21","slug":"nora-serisi-ms-503-600-siva-ustu-sarkit-ve-lineer","status":"publish","type":"product","link":"https:\/\/hamsayapi.com\/index.php\/urun\/nora-serisi-ms-503-600-siva-ustu-sarkit-ve-lineer\/","title":{"rendered":"Nora Serisi | MS 503-600 S\u0131va \u00dcst\u00fc Sark\u0131t ve Lineer"},"content":{"rendered":"","protected":false},"excerpt":{"rendered":"","protected":false},"featured_media":17696,"comment_status":"open","ping_status":"closed","template":"","meta":[],"pwb-brand":[],"product_brand":[],"product_cat":[2382,2519],"product_tag":[2522],"class_list":{"0":"post-17694","1":"product","2":"type-product","3":"status-publish","4":"has-post-thumbnail","6":"product_cat-aydinlatma","7":"product_cat-lineer","8":"product_tag-nora-serisi-ms-503-600-siva-ustu-sarkit-ve-lineer","10":"first","11":"instock","12":"shipping-taxable","13":"product-type-simple"},"brands":[],"_links":{"self":[{"href":"https:\/\/hamsayapi.com\/index.php\/wp-json\/wp\/v2\/product\/17694","targetHints":{"allow":["GET"]}}],"collection":[{"href":"https:\/\/hamsayapi.com\/index.php\/wp-json\/wp\/v2\/product"}],"about":[{"href":"https:\/\/hamsayapi.com\/index.php\/wp-json\/wp\/v2\/types\/product"}],"replies":[{"embeddable":true,"href":"https:\/\/hamsayapi.com\/index.php\/wp-json\/wp\/v2\/comments?post=17694"}],"version-history":[{"count":2,"href":"https:\/\/hamsayapi.com\/index.php\/wp-json\/wp\/v2\/product\/17694\/revisions"}],"predecessor-version":[{"id":17698,"href":"https:\/\/hamsayapi.com\/index.php\/wp-json\/wp\/v2\/product\/17694\/revisions\/17698"}],"wp:featuredmedia":[{"embeddable":true,"href":"https:\/\/hamsayapi.com\/index.php\/wp-json\/wp\/v2\/media\/17696"}],"wp:attachment":[{"href":"https:\/\/hamsayapi.com\/index.php\/wp-json\/wp\/v2\/media?parent=17694"}],"wp:term":[{"taxonomy":"pwb-brand","embeddable":true,"href":"https:\/\/hamsayapi.com\/index.php\/wp-json\/wp\/v2\/pwb-brand?post=17694"},{"taxonomy":"product_brand","embeddable":true,"href":"https:\/\/hamsayapi.com\/index.php\/wp-json\/wp\/v2\/product_brand?post=17694"},{"taxonomy":"product_cat","embeddable":true,"href":"https:\/\/hamsayapi.com\/index.php\/wp-json\/wp\/v2\/product_cat?post=17694"},{"taxonomy":"product_tag","embeddable":true,"href":"https:\/\/hamsayapi.com\/index.php\/wp-json\/wp\/v2\/product_tag?post=17694"}],"curies":[{"name":"wp","href":"https:\/\/api.w.org\/{rel}","templated":true}]}}