{"id":17502,"date":"2024-05-19T00:26:54","date_gmt":"2024-05-18T21:26:54","guid":{"rendered":"https:\/\/hamsayapi.com\/?post_type=product&#038;p=17502"},"modified":"2024-05-19T00:26:54","modified_gmt":"2024-05-18T21:26:54","slug":"nora-serisi-ms-500-2-siva-ustu","status":"publish","type":"product","link":"https:\/\/hamsayapi.com\/index.php\/urun\/nora-serisi-ms-500-2-siva-ustu\/","title":{"rendered":"Nora Serisi | MS 500-2 S\u0131va \u00dcst\u00fc"},"content":{"rendered":"","protected":false},"excerpt":{"rendered":"","protected":false},"featured_media":17505,"comment_status":"open","ping_status":"closed","template":"","meta":[],"pwb-brand":[],"product_brand":[],"product_cat":[2382,2482],"product_tag":[2484],"class_list":{"0":"post-17502","1":"product","2":"type-product","3":"status-publish","4":"has-post-thumbnail","6":"product_cat-aydinlatma","7":"product_cat-siva-ustu-aydinlatma","8":"product_tag-nora-serisi-ms-500-2-siva-ustu","10":"first","11":"instock","12":"shipping-taxable","13":"product-type-simple"},"brands":[],"_links":{"self":[{"href":"https:\/\/hamsayapi.com\/index.php\/wp-json\/wp\/v2\/product\/17502","targetHints":{"allow":["GET"]}}],"collection":[{"href":"https:\/\/hamsayapi.com\/index.php\/wp-json\/wp\/v2\/product"}],"about":[{"href":"https:\/\/hamsayapi.com\/index.php\/wp-json\/wp\/v2\/types\/product"}],"replies":[{"embeddable":true,"href":"https:\/\/hamsayapi.com\/index.php\/wp-json\/wp\/v2\/comments?post=17502"}],"version-history":[{"count":2,"href":"https:\/\/hamsayapi.com\/index.php\/wp-json\/wp\/v2\/product\/17502\/revisions"}],"predecessor-version":[{"id":17507,"href":"https:\/\/hamsayapi.com\/index.php\/wp-json\/wp\/v2\/product\/17502\/revisions\/17507"}],"wp:featuredmedia":[{"embeddable":true,"href":"https:\/\/hamsayapi.com\/index.php\/wp-json\/wp\/v2\/media\/17505"}],"wp:attachment":[{"href":"https:\/\/hamsayapi.com\/index.php\/wp-json\/wp\/v2\/media?parent=17502"}],"wp:term":[{"taxonomy":"pwb-brand","embeddable":true,"href":"https:\/\/hamsayapi.com\/index.php\/wp-json\/wp\/v2\/pwb-brand?post=17502"},{"taxonomy":"product_brand","embeddable":true,"href":"https:\/\/hamsayapi.com\/index.php\/wp-json\/wp\/v2\/product_brand?post=17502"},{"taxonomy":"product_cat","embeddable":true,"href":"https:\/\/hamsayapi.com\/index.php\/wp-json\/wp\/v2\/product_cat?post=17502"},{"taxonomy":"product_tag","embeddable":true,"href":"https:\/\/hamsayapi.com\/index.php\/wp-json\/wp\/v2\/product_tag?post=17502"}],"curies":[{"name":"wp","href":"https:\/\/api.w.org\/{rel}","templated":true}]}}