{"id":17495,"date":"2024-05-19T00:24:38","date_gmt":"2024-05-18T21:24:38","guid":{"rendered":"https:\/\/hamsayapi.com\/?post_type=product&#038;p=17495"},"modified":"2024-05-19T00:24:39","modified_gmt":"2024-05-18T21:24:39","slug":"magnet-ray-siva-alti-yay-aparati-mrmy-1000","status":"publish","type":"product","link":"https:\/\/hamsayapi.com\/index.php\/urun\/magnet-ray-siva-alti-yay-aparati-mrmy-1000\/","title":{"rendered":"Magnet Ray S\u0131va Alt\u0131 Yay Aparat\u0131 | MRMY 1000"},"content":{"rendered":"","protected":false},"excerpt":{"rendered":"<ul>\n<li>S\u0131va alt\u0131 magnet ray i\u00e7in uygundur<\/li>\n<li>1 metre ray i\u00e7in 2 adet al\u0131nmal\u0131d\u0131r.<\/li>\n<li>IP20<\/li>\n<\/ul>\n","protected":false},"featured_media":17496,"comment_status":"open","ping_status":"closed","template":"","meta":[],"pwb-brand":[],"product_brand":[],"product_cat":[2382,2438],"product_tag":[2481],"class_list":{"0":"post-17495","1":"product","2":"type-product","3":"status-publish","4":"has-post-thumbnail","6":"product_cat-aydinlatma","7":"product_cat-ray-ve-komponentler","8":"product_tag-magnet-ray-siva-alti-yay-aparati-mrmy-1000","10":"first","11":"instock","12":"shipping-taxable","13":"product-type-simple"},"brands":[],"_links":{"self":[{"href":"https:\/\/hamsayapi.com\/index.php\/wp-json\/wp\/v2\/product\/17495","targetHints":{"allow":["GET"]}}],"collection":[{"href":"https:\/\/hamsayapi.com\/index.php\/wp-json\/wp\/v2\/product"}],"about":[{"href":"https:\/\/hamsayapi.com\/index.php\/wp-json\/wp\/v2\/types\/product"}],"replies":[{"embeddable":true,"href":"https:\/\/hamsayapi.com\/index.php\/wp-json\/wp\/v2\/comments?post=17495"}],"version-history":[{"count":1,"href":"https:\/\/hamsayapi.com\/index.php\/wp-json\/wp\/v2\/product\/17495\/revisions"}],"predecessor-version":[{"id":17497,"href":"https:\/\/hamsayapi.com\/index.php\/wp-json\/wp\/v2\/product\/17495\/revisions\/17497"}],"wp:featuredmedia":[{"embeddable":true,"href":"https:\/\/hamsayapi.com\/index.php\/wp-json\/wp\/v2\/media\/17496"}],"wp:attachment":[{"href":"https:\/\/hamsayapi.com\/index.php\/wp-json\/wp\/v2\/media?parent=17495"}],"wp:term":[{"taxonomy":"pwb-brand","embeddable":true,"href":"https:\/\/hamsayapi.com\/index.php\/wp-json\/wp\/v2\/pwb-brand?post=17495"},{"taxonomy":"product_brand","embeddable":true,"href":"https:\/\/hamsayapi.com\/index.php\/wp-json\/wp\/v2\/product_brand?post=17495"},{"taxonomy":"product_cat","embeddable":true,"href":"https:\/\/hamsayapi.com\/index.php\/wp-json\/wp\/v2\/product_cat?post=17495"},{"taxonomy":"product_tag","embeddable":true,"href":"https:\/\/hamsayapi.com\/index.php\/wp-json\/wp\/v2\/product_tag?post=17495"}],"curies":[{"name":"wp","href":"https:\/\/api.w.org\/{rel}","templated":true}]}}