{"id":17484,"date":"2024-05-19T00:22:18","date_gmt":"2024-05-18T21:22:18","guid":{"rendered":"https:\/\/hamsayapi.com\/?post_type=product&#038;p=17484"},"modified":"2024-05-19T00:22:18","modified_gmt":"2024-05-18T21:22:18","slug":"magnet-ray-kose-donus-parcasi-mrm-1005","status":"publish","type":"product","link":"https:\/\/hamsayapi.com\/index.php\/urun\/magnet-ray-kose-donus-parcasi-mrm-1005\/","title":{"rendered":"Magnet Ray K\u00f6\u015fe D\u00f6n\u00fc\u015f Par\u00e7as\u0131 | MRM 1005"},"content":{"rendered":"","protected":false},"excerpt":{"rendered":"","protected":false},"featured_media":17485,"comment_status":"open","ping_status":"closed","template":"","meta":[],"pwb-brand":[],"product_brand":[],"product_cat":[2382,2438],"product_tag":[2478],"class_list":{"0":"post-17484","1":"product","2":"type-product","3":"status-publish","4":"has-post-thumbnail","6":"product_cat-aydinlatma","7":"product_cat-ray-ve-komponentler","8":"product_tag-magnet-ray-kose-donus-parcasi-mrm-1005","10":"first","11":"instock","12":"shipping-taxable","13":"product-type-simple"},"brands":[],"_links":{"self":[{"href":"https:\/\/hamsayapi.com\/index.php\/wp-json\/wp\/v2\/product\/17484","targetHints":{"allow":["GET"]}}],"collection":[{"href":"https:\/\/hamsayapi.com\/index.php\/wp-json\/wp\/v2\/product"}],"about":[{"href":"https:\/\/hamsayapi.com\/index.php\/wp-json\/wp\/v2\/types\/product"}],"replies":[{"embeddable":true,"href":"https:\/\/hamsayapi.com\/index.php\/wp-json\/wp\/v2\/comments?post=17484"}],"version-history":[{"count":2,"href":"https:\/\/hamsayapi.com\/index.php\/wp-json\/wp\/v2\/product\/17484\/revisions"}],"predecessor-version":[{"id":17487,"href":"https:\/\/hamsayapi.com\/index.php\/wp-json\/wp\/v2\/product\/17484\/revisions\/17487"}],"wp:featuredmedia":[{"embeddable":true,"href":"https:\/\/hamsayapi.com\/index.php\/wp-json\/wp\/v2\/media\/17485"}],"wp:attachment":[{"href":"https:\/\/hamsayapi.com\/index.php\/wp-json\/wp\/v2\/media?parent=17484"}],"wp:term":[{"taxonomy":"pwb-brand","embeddable":true,"href":"https:\/\/hamsayapi.com\/index.php\/wp-json\/wp\/v2\/pwb-brand?post=17484"},{"taxonomy":"product_brand","embeddable":true,"href":"https:\/\/hamsayapi.com\/index.php\/wp-json\/wp\/v2\/product_brand?post=17484"},{"taxonomy":"product_cat","embeddable":true,"href":"https:\/\/hamsayapi.com\/index.php\/wp-json\/wp\/v2\/product_cat?post=17484"},{"taxonomy":"product_tag","embeddable":true,"href":"https:\/\/hamsayapi.com\/index.php\/wp-json\/wp\/v2\/product_tag?post=17484"}],"curies":[{"name":"wp","href":"https:\/\/api.w.org\/{rel}","templated":true}]}}