{"id":17476,"date":"2024-05-19T00:20:59","date_gmt":"2024-05-18T21:20:59","guid":{"rendered":"https:\/\/hamsayapi.com\/?post_type=product&#038;p=17476"},"modified":"2024-05-19T00:20:59","modified_gmt":"2024-05-18T21:20:59","slug":"magnet-ray-birlestirme-parcasi-mrm-1003","status":"publish","type":"product","link":"https:\/\/hamsayapi.com\/index.php\/urun\/magnet-ray-birlestirme-parcasi-mrm-1003\/","title":{"rendered":"Magnet Ray Birle\u015ftirme Par\u00e7as\u0131 | MRM 1003"},"content":{"rendered":"","protected":false},"excerpt":{"rendered":"","protected":false},"featured_media":17477,"comment_status":"open","ping_status":"closed","template":"","meta":[],"pwb-brand":[],"product_brand":[],"product_cat":[2382,2438],"product_tag":[2476],"class_list":{"0":"post-17476","1":"product","2":"type-product","3":"status-publish","4":"has-post-thumbnail","6":"product_cat-aydinlatma","7":"product_cat-ray-ve-komponentler","8":"product_tag-magnet-ray-birlestirme-parcasi-mrm-1003","10":"first","11":"instock","12":"shipping-taxable","13":"product-type-simple"},"brands":[],"_links":{"self":[{"href":"https:\/\/hamsayapi.com\/index.php\/wp-json\/wp\/v2\/product\/17476","targetHints":{"allow":["GET"]}}],"collection":[{"href":"https:\/\/hamsayapi.com\/index.php\/wp-json\/wp\/v2\/product"}],"about":[{"href":"https:\/\/hamsayapi.com\/index.php\/wp-json\/wp\/v2\/types\/product"}],"replies":[{"embeddable":true,"href":"https:\/\/hamsayapi.com\/index.php\/wp-json\/wp\/v2\/comments?post=17476"}],"version-history":[{"count":2,"href":"https:\/\/hamsayapi.com\/index.php\/wp-json\/wp\/v2\/product\/17476\/revisions"}],"predecessor-version":[{"id":17479,"href":"https:\/\/hamsayapi.com\/index.php\/wp-json\/wp\/v2\/product\/17476\/revisions\/17479"}],"wp:featuredmedia":[{"embeddable":true,"href":"https:\/\/hamsayapi.com\/index.php\/wp-json\/wp\/v2\/media\/17477"}],"wp:attachment":[{"href":"https:\/\/hamsayapi.com\/index.php\/wp-json\/wp\/v2\/media?parent=17476"}],"wp:term":[{"taxonomy":"pwb-brand","embeddable":true,"href":"https:\/\/hamsayapi.com\/index.php\/wp-json\/wp\/v2\/pwb-brand?post=17476"},{"taxonomy":"product_brand","embeddable":true,"href":"https:\/\/hamsayapi.com\/index.php\/wp-json\/wp\/v2\/product_brand?post=17476"},{"taxonomy":"product_cat","embeddable":true,"href":"https:\/\/hamsayapi.com\/index.php\/wp-json\/wp\/v2\/product_cat?post=17476"},{"taxonomy":"product_tag","embeddable":true,"href":"https:\/\/hamsayapi.com\/index.php\/wp-json\/wp\/v2\/product_tag?post=17476"}],"curies":[{"name":"wp","href":"https:\/\/api.w.org\/{rel}","templated":true}]}}