{"id":17465,"date":"2024-05-19T00:17:35","date_gmt":"2024-05-18T21:17:35","guid":{"rendered":"https:\/\/hamsayapi.com\/?post_type=product&#038;p=17465"},"modified":"2024-05-19T00:17:36","modified_gmt":"2024-05-18T21:17:36","slug":"magnet-siva-ustu-ray-kose-donus-aparati-mrm-5106","status":"publish","type":"product","link":"https:\/\/hamsayapi.com\/index.php\/urun\/magnet-siva-ustu-ray-kose-donus-aparati-mrm-5106\/","title":{"rendered":"Magnet S\u0131va \u00dcst\u00fc Ray K\u00f6\u015fe D\u00f6n\u00fc\u015f Aparat\u0131 | MRM 5106"},"content":{"rendered":"","protected":false},"excerpt":{"rendered":"","protected":false},"featured_media":17462,"comment_status":"open","ping_status":"closed","template":"","meta":[],"pwb-brand":[],"product_brand":[],"product_cat":[2382,2438],"product_tag":[2472],"class_list":{"0":"post-17465","1":"product","2":"type-product","3":"status-publish","4":"has-post-thumbnail","6":"product_cat-aydinlatma","7":"product_cat-ray-ve-komponentler","8":"product_tag-magnet-siva-ustu-ray-kose-donus-aparati-mrm-5106","10":"first","11":"instock","12":"shipping-taxable","13":"product-type-simple"},"brands":[],"_links":{"self":[{"href":"https:\/\/hamsayapi.com\/index.php\/wp-json\/wp\/v2\/product\/17465","targetHints":{"allow":["GET"]}}],"collection":[{"href":"https:\/\/hamsayapi.com\/index.php\/wp-json\/wp\/v2\/product"}],"about":[{"href":"https:\/\/hamsayapi.com\/index.php\/wp-json\/wp\/v2\/types\/product"}],"replies":[{"embeddable":true,"href":"https:\/\/hamsayapi.com\/index.php\/wp-json\/wp\/v2\/comments?post=17465"}],"version-history":[{"count":1,"href":"https:\/\/hamsayapi.com\/index.php\/wp-json\/wp\/v2\/product\/17465\/revisions"}],"predecessor-version":[{"id":17466,"href":"https:\/\/hamsayapi.com\/index.php\/wp-json\/wp\/v2\/product\/17465\/revisions\/17466"}],"wp:featuredmedia":[{"embeddable":true,"href":"https:\/\/hamsayapi.com\/index.php\/wp-json\/wp\/v2\/media\/17462"}],"wp:attachment":[{"href":"https:\/\/hamsayapi.com\/index.php\/wp-json\/wp\/v2\/media?parent=17465"}],"wp:term":[{"taxonomy":"pwb-brand","embeddable":true,"href":"https:\/\/hamsayapi.com\/index.php\/wp-json\/wp\/v2\/pwb-brand?post=17465"},{"taxonomy":"product_brand","embeddable":true,"href":"https:\/\/hamsayapi.com\/index.php\/wp-json\/wp\/v2\/product_brand?post=17465"},{"taxonomy":"product_cat","embeddable":true,"href":"https:\/\/hamsayapi.com\/index.php\/wp-json\/wp\/v2\/product_cat?post=17465"},{"taxonomy":"product_tag","embeddable":true,"href":"https:\/\/hamsayapi.com\/index.php\/wp-json\/wp\/v2\/product_tag?post=17465"}],"curies":[{"name":"wp","href":"https:\/\/api.w.org\/{rel}","templated":true}]}}