{"id":17455,"date":"2024-05-19T00:03:35","date_gmt":"2024-05-18T21:03:35","guid":{"rendered":"https:\/\/hamsayapi.com\/?post_type=product&#038;p=17455"},"modified":"2024-05-19T00:03:35","modified_gmt":"2024-05-18T21:03:35","slug":"magnet-trimless-ray-kose-donus-aparati-mrm-3106","status":"publish","type":"product","link":"https:\/\/hamsayapi.com\/index.php\/urun\/magnet-trimless-ray-kose-donus-aparati-mrm-3106\/","title":{"rendered":"Magnet Trimless Ray K\u00f6\u015fe D\u00f6n\u00fc\u015f Aparat\u0131 | MRM 3106"},"content":{"rendered":"","protected":false},"excerpt":{"rendered":"","protected":false},"featured_media":17457,"comment_status":"open","ping_status":"closed","template":"","meta":[],"pwb-brand":[],"product_brand":[],"product_cat":[2382,2438],"product_tag":[2470],"class_list":{"0":"post-17455","1":"product","2":"type-product","3":"status-publish","4":"has-post-thumbnail","6":"product_cat-aydinlatma","7":"product_cat-ray-ve-komponentler","8":"product_tag-magnet-trimless-ray-kose-donus-aparati-mrm-3106","10":"first","11":"instock","12":"shipping-taxable","13":"product-type-simple"},"brands":[],"_links":{"self":[{"href":"https:\/\/hamsayapi.com\/index.php\/wp-json\/wp\/v2\/product\/17455","targetHints":{"allow":["GET"]}}],"collection":[{"href":"https:\/\/hamsayapi.com\/index.php\/wp-json\/wp\/v2\/product"}],"about":[{"href":"https:\/\/hamsayapi.com\/index.php\/wp-json\/wp\/v2\/types\/product"}],"replies":[{"embeddable":true,"href":"https:\/\/hamsayapi.com\/index.php\/wp-json\/wp\/v2\/comments?post=17455"}],"version-history":[{"count":2,"href":"https:\/\/hamsayapi.com\/index.php\/wp-json\/wp\/v2\/product\/17455\/revisions"}],"predecessor-version":[{"id":17459,"href":"https:\/\/hamsayapi.com\/index.php\/wp-json\/wp\/v2\/product\/17455\/revisions\/17459"}],"wp:featuredmedia":[{"embeddable":true,"href":"https:\/\/hamsayapi.com\/index.php\/wp-json\/wp\/v2\/media\/17457"}],"wp:attachment":[{"href":"https:\/\/hamsayapi.com\/index.php\/wp-json\/wp\/v2\/media?parent=17455"}],"wp:term":[{"taxonomy":"pwb-brand","embeddable":true,"href":"https:\/\/hamsayapi.com\/index.php\/wp-json\/wp\/v2\/pwb-brand?post=17455"},{"taxonomy":"product_brand","embeddable":true,"href":"https:\/\/hamsayapi.com\/index.php\/wp-json\/wp\/v2\/product_brand?post=17455"},{"taxonomy":"product_cat","embeddable":true,"href":"https:\/\/hamsayapi.com\/index.php\/wp-json\/wp\/v2\/product_cat?post=17455"},{"taxonomy":"product_tag","embeddable":true,"href":"https:\/\/hamsayapi.com\/index.php\/wp-json\/wp\/v2\/product_tag?post=17455"}],"curies":[{"name":"wp","href":"https:\/\/api.w.org\/{rel}","templated":true}]}}