{"id":17403,"date":"2024-05-18T23:51:35","date_gmt":"2024-05-18T20:51:35","guid":{"rendered":"https:\/\/hamsayapi.com\/?post_type=product&#038;p=17403"},"modified":"2024-05-18T23:51:36","modified_gmt":"2024-05-18T20:51:36","slug":"trifaze-dali-ray-esnek-ara-baglanti-mra-1004-dali","status":"publish","type":"product","link":"https:\/\/hamsayapi.com\/index.php\/urun\/trifaze-dali-ray-esnek-ara-baglanti-mra-1004-dali\/","title":{"rendered":"Trifaze Dal\u0131 Ray Esnek Ara Ba\u011flant\u0131 | MRA 1004 \u2013 DALI"},"content":{"rendered":"","protected":false},"excerpt":{"rendered":"","protected":false},"featured_media":17405,"comment_status":"open","ping_status":"closed","template":"","meta":[],"pwb-brand":[],"product_brand":[],"product_cat":[2382,2438],"product_tag":[2455],"class_list":{"0":"post-17403","1":"product","2":"type-product","3":"status-publish","4":"has-post-thumbnail","6":"product_cat-aydinlatma","7":"product_cat-ray-ve-komponentler","8":"product_tag-trifaze-dali-ray-esnek-ara-baglanti-mra-1004-dali","10":"first","11":"instock","12":"shipping-taxable","13":"product-type-simple"},"brands":[],"_links":{"self":[{"href":"https:\/\/hamsayapi.com\/index.php\/wp-json\/wp\/v2\/product\/17403","targetHints":{"allow":["GET"]}}],"collection":[{"href":"https:\/\/hamsayapi.com\/index.php\/wp-json\/wp\/v2\/product"}],"about":[{"href":"https:\/\/hamsayapi.com\/index.php\/wp-json\/wp\/v2\/types\/product"}],"replies":[{"embeddable":true,"href":"https:\/\/hamsayapi.com\/index.php\/wp-json\/wp\/v2\/comments?post=17403"}],"version-history":[{"count":1,"href":"https:\/\/hamsayapi.com\/index.php\/wp-json\/wp\/v2\/product\/17403\/revisions"}],"predecessor-version":[{"id":17406,"href":"https:\/\/hamsayapi.com\/index.php\/wp-json\/wp\/v2\/product\/17403\/revisions\/17406"}],"wp:featuredmedia":[{"embeddable":true,"href":"https:\/\/hamsayapi.com\/index.php\/wp-json\/wp\/v2\/media\/17405"}],"wp:attachment":[{"href":"https:\/\/hamsayapi.com\/index.php\/wp-json\/wp\/v2\/media?parent=17403"}],"wp:term":[{"taxonomy":"pwb-brand","embeddable":true,"href":"https:\/\/hamsayapi.com\/index.php\/wp-json\/wp\/v2\/pwb-brand?post=17403"},{"taxonomy":"product_brand","embeddable":true,"href":"https:\/\/hamsayapi.com\/index.php\/wp-json\/wp\/v2\/product_brand?post=17403"},{"taxonomy":"product_cat","embeddable":true,"href":"https:\/\/hamsayapi.com\/index.php\/wp-json\/wp\/v2\/product_cat?post=17403"},{"taxonomy":"product_tag","embeddable":true,"href":"https:\/\/hamsayapi.com\/index.php\/wp-json\/wp\/v2\/product_tag?post=17403"}],"curies":[{"name":"wp","href":"https:\/\/api.w.org\/{rel}","templated":true}]}}