{"id":17328,"date":"2024-05-18T22:04:57","date_gmt":"2024-05-18T19:04:57","guid":{"rendered":"https:\/\/hamsayapi.com\/?post_type=product&#038;p=17328"},"modified":"2024-05-18T22:04:57","modified_gmt":"2024-05-18T19:04:57","slug":"magnet-serisi-mrm-106","status":"publish","type":"product","link":"https:\/\/hamsayapi.com\/index.php\/urun\/magnet-serisi-mrm-106\/","title":{"rendered":"Magnet Serisi | MRM 106"},"content":{"rendered":"","protected":false},"excerpt":{"rendered":"<p>G\u00f6vde : Metal g\u00f6vde<\/p>\n<p>Boyama Tipi : Elektrostatik toz boya<\/p>\n<p>IP Koruma S\u0131n\u0131f\u0131 : IP 20<\/p>\n<p>Kullan\u0131m \u015eekli : Manyetik Ray Spot<\/p>\n<p>Gerilim : 48 V DC<\/p>\n<p>Aktif G\u00fc\u00e7 : 14 W<\/p>\n<p>I\u015f\u0131k Ak\u0131s\u0131 : 1350 lm<\/p>\n<p>CRI : 80<\/p>\n<p>CRI : 90<\/p>\n","protected":false},"featured_media":17330,"comment_status":"open","ping_status":"closed","template":"","meta":[],"pwb-brand":[],"product_brand":[],"product_cat":[2382,2419],"product_tag":[2434],"class_list":{"0":"post-17328","1":"product","2":"type-product","3":"status-publish","4":"has-post-thumbnail","6":"product_cat-aydinlatma","7":"product_cat-magnet-ray-spot","8":"product_tag-magnet-serisi-mrm-106","10":"first","11":"instock","12":"shipping-taxable","13":"product-type-simple"},"brands":[],"_links":{"self":[{"href":"https:\/\/hamsayapi.com\/index.php\/wp-json\/wp\/v2\/product\/17328","targetHints":{"allow":["GET"]}}],"collection":[{"href":"https:\/\/hamsayapi.com\/index.php\/wp-json\/wp\/v2\/product"}],"about":[{"href":"https:\/\/hamsayapi.com\/index.php\/wp-json\/wp\/v2\/types\/product"}],"replies":[{"embeddable":true,"href":"https:\/\/hamsayapi.com\/index.php\/wp-json\/wp\/v2\/comments?post=17328"}],"version-history":[{"count":2,"href":"https:\/\/hamsayapi.com\/index.php\/wp-json\/wp\/v2\/product\/17328\/revisions"}],"predecessor-version":[{"id":17332,"href":"https:\/\/hamsayapi.com\/index.php\/wp-json\/wp\/v2\/product\/17328\/revisions\/17332"}],"wp:featuredmedia":[{"embeddable":true,"href":"https:\/\/hamsayapi.com\/index.php\/wp-json\/wp\/v2\/media\/17330"}],"wp:attachment":[{"href":"https:\/\/hamsayapi.com\/index.php\/wp-json\/wp\/v2\/media?parent=17328"}],"wp:term":[{"taxonomy":"pwb-brand","embeddable":true,"href":"https:\/\/hamsayapi.com\/index.php\/wp-json\/wp\/v2\/pwb-brand?post=17328"},{"taxonomy":"product_brand","embeddable":true,"href":"https:\/\/hamsayapi.com\/index.php\/wp-json\/wp\/v2\/product_brand?post=17328"},{"taxonomy":"product_cat","embeddable":true,"href":"https:\/\/hamsayapi.com\/index.php\/wp-json\/wp\/v2\/product_cat?post=17328"},{"taxonomy":"product_tag","embeddable":true,"href":"https:\/\/hamsayapi.com\/index.php\/wp-json\/wp\/v2\/product_tag?post=17328"}],"curies":[{"name":"wp","href":"https:\/\/api.w.org\/{rel}","templated":true}]}}