{"id":17247,"date":"2024-05-18T21:40:46","date_gmt":"2024-05-18T18:40:46","guid":{"rendered":"https:\/\/hamsayapi.com\/?post_type=product&#038;p=17247"},"modified":"2024-05-18T21:48:55","modified_gmt":"2024-05-18T18:48:55","slug":"magnet-serisi-mrm-100-55","status":"publish","type":"product","link":"https:\/\/hamsayapi.com\/index.php\/urun\/magnet-serisi-mrm-100-55\/","title":{"rendered":"Magnet Serisi | MRM 100-55"},"content":{"rendered":"","protected":false},"excerpt":{"rendered":"<p>G\u00f6vde : Metal g\u00f6vde<\/p>\n<p>Reflekt\u00f6r Derecesi : 24 \u00b0<\/p>\n<p>Boyama Tipi : Elektrostatik toz boya<\/p>\n<p>IP Koruma S\u0131n\u0131f\u0131 : IP 20<\/p>\n<p>Kullan\u0131m \u015eekli : Manyetik Ray Spot<\/p>\n<p>Gerilim : 48 V DC<\/p>\n<p>Aktif G\u00fc\u00e7 : 8W \u2013 10W<\/p>\n<p>I\u015f\u0131k Ak\u0131s\u0131 : 800 lm \u2013 1000 lm<\/p>\n<p>CRI : 80<\/p>\n","protected":false},"featured_media":17250,"comment_status":"open","ping_status":"closed","template":"","meta":[],"pwb-brand":[],"product_brand":[],"product_cat":[2382,2419],"product_tag":[2420],"class_list":{"0":"post-17247","1":"product","2":"type-product","3":"status-publish","4":"has-post-thumbnail","6":"product_cat-aydinlatma","7":"product_cat-magnet-ray-spot","8":"product_tag-magnet-serisi-mrm-100-55","10":"first","11":"instock","12":"shipping-taxable","13":"product-type-simple"},"brands":[],"_links":{"self":[{"href":"https:\/\/hamsayapi.com\/index.php\/wp-json\/wp\/v2\/product\/17247","targetHints":{"allow":["GET"]}}],"collection":[{"href":"https:\/\/hamsayapi.com\/index.php\/wp-json\/wp\/v2\/product"}],"about":[{"href":"https:\/\/hamsayapi.com\/index.php\/wp-json\/wp\/v2\/types\/product"}],"replies":[{"embeddable":true,"href":"https:\/\/hamsayapi.com\/index.php\/wp-json\/wp\/v2\/comments?post=17247"}],"version-history":[{"count":3,"href":"https:\/\/hamsayapi.com\/index.php\/wp-json\/wp\/v2\/product\/17247\/revisions"}],"predecessor-version":[{"id":17278,"href":"https:\/\/hamsayapi.com\/index.php\/wp-json\/wp\/v2\/product\/17247\/revisions\/17278"}],"wp:featuredmedia":[{"embeddable":true,"href":"https:\/\/hamsayapi.com\/index.php\/wp-json\/wp\/v2\/media\/17250"}],"wp:attachment":[{"href":"https:\/\/hamsayapi.com\/index.php\/wp-json\/wp\/v2\/media?parent=17247"}],"wp:term":[{"taxonomy":"pwb-brand","embeddable":true,"href":"https:\/\/hamsayapi.com\/index.php\/wp-json\/wp\/v2\/pwb-brand?post=17247"},{"taxonomy":"product_brand","embeddable":true,"href":"https:\/\/hamsayapi.com\/index.php\/wp-json\/wp\/v2\/product_brand?post=17247"},{"taxonomy":"product_cat","embeddable":true,"href":"https:\/\/hamsayapi.com\/index.php\/wp-json\/wp\/v2\/product_cat?post=17247"},{"taxonomy":"product_tag","embeddable":true,"href":"https:\/\/hamsayapi.com\/index.php\/wp-json\/wp\/v2\/product_tag?post=17247"}],"curies":[{"name":"wp","href":"https:\/\/api.w.org\/{rel}","templated":true}]}}