{"id":17051,"date":"2024-05-17T20:18:20","date_gmt":"2024-05-17T17:18:20","guid":{"rendered":"https:\/\/hamsayapi.com\/?post_type=product&#038;p=17051"},"modified":"2024-05-17T20:18:20","modified_gmt":"2024-05-17T17:18:20","slug":"insaat-civisi-2","status":"publish","type":"product","link":"https:\/\/hamsayapi.com\/index.php\/urun\/insaat-civisi-2\/","title":{"rendered":"\u0130n\u015faat \u00c7ivisi"},"content":{"rendered":"","protected":false},"excerpt":{"rendered":"<div class=\"elementor-element elementor-element-37abc05 elementor-widget elementor-widget-heading\" data-id=\"37abc05\" data-element_type=\"widget\" data-widget_type=\"heading.default\">\n<div class=\"elementor-widget-container\">\n<h2 class=\"elementor-heading-title elementor-size-default\">Genel \u00d6zellikler<\/h2>\n<\/div>\n<\/div>\n<div class=\"elementor-element elementor-element-0fbec08 elementor-widget elementor-widget-jet-table\" data-id=\"0fbec08\" data-element_type=\"widget\" data-widget_type=\"jet-table.default\">\n<div class=\"elementor-widget-container\">\n<div class=\"elementor-jet-table jet-elements\">\n<div class=\"jet-table-wrapper jet-table-responsive-mobile\">\n<table class=\"jet-table jet-table--fa5-compat\">\n<tbody class=\"jet-table__body\">\n<tr class=\"jet-table__body-row elementor-repeater-item-88d32ee\">\n<td class=\"jet-table__cell elementor-repeater-item-60696c6 jet-table__body-cell\">\n<div class=\"jet-table__cell-inner\">\n<div class=\"jet-table__cell-content\">\n<div class=\"jet-table__cell-text\">Ham Madde:<\/div>\n<\/div>\n<\/div>\n<\/td>\n<td class=\"jet-table__cell elementor-repeater-item-0da6e3c jet-table__body-cell\">\n<div class=\"jet-table__cell-inner\">\n<div class=\"jet-table__cell-content\">\n<div class=\"jet-table__cell-text\">D\u00fc\u015f\u00fck Karbonlu \u00c7elik Filma\u015fin<\/div>\n<\/div>\n<\/div>\n<\/td>\n<\/tr>\n<tr class=\"jet-table__body-row elementor-repeater-item-08d11e8\">\n<td class=\"jet-table__cell elementor-repeater-item-ba7e658 jet-table__body-cell\">\n<div class=\"jet-table__cell-inner\">\n<div class=\"jet-table__cell-content\">\n<div class=\"jet-table__cell-text\">\u00c7ekme Mukavemeti:<\/div>\n<\/div>\n<\/div>\n<\/td>\n<td class=\"jet-table__cell elementor-repeater-item-c513990 jet-table__body-cell\">\n<div class=\"jet-table__cell-inner\">\n<div class=\"jet-table__cell-content\">\n<div class=\"jet-table__cell-text\">700 \u2013 900 N\/mm\u00b2<\/div>\n<\/div>\n<\/div>\n<\/td>\n<\/tr>\n<tr class=\"jet-table__body-row elementor-repeater-item-ab1321b\">\n<td class=\"jet-table__cell elementor-repeater-item-f856eb2 jet-table__body-cell\">\n<div class=\"jet-table__cell-inner\">\n<div class=\"jet-table__cell-content\">\n<div class=\"jet-table__cell-text\">\u00c7ivi \u00c7ap\u0131:<\/div>\n<\/div>\n<\/div>\n<\/td>\n<td class=\"jet-table__cell elementor-repeater-item-4fd9723 jet-table__body-cell\">\n<div class=\"jet-table__cell-inner\">\n<div class=\"jet-table__cell-content\">\n<div class=\"jet-table__cell-text\">2,2 mm \u2013 4,2 mm<\/div>\n<\/div>\n<\/div>\n<\/td>\n<\/tr>\n<tr class=\"jet-table__body-row elementor-repeater-item-30197d1\">\n<td class=\"jet-table__cell elementor-repeater-item-b188307 jet-table__body-cell\">\n<div class=\"jet-table__cell-inner\">\n<div class=\"jet-table__cell-content\">\n<div class=\"jet-table__cell-text\">\u00c7ivi Boylar\u0131:<\/div>\n<\/div>\n<\/div>\n<\/td>\n<td class=\"jet-table__cell elementor-repeater-item-24de6b4 jet-table__body-cell\">\n<div class=\"jet-table__cell-inner\">\n<div class=\"jet-table__cell-content\">\n<div class=\"jet-table__cell-text\">60 mm \u2013 80 mm \u2013 100 mm<\/div>\n<\/div>\n<\/div>\n<\/td>\n<\/tr>\n<tr class=\"jet-table__body-row elementor-repeater-item-bf35725\">\n<td class=\"jet-table__cell elementor-repeater-item-dfca0e8 jet-table__body-cell\">\n<div class=\"jet-table__cell-inner\">\n<div class=\"jet-table__cell-content\">\n<div class=\"jet-table__cell-text\">Paketleme:<\/div>\n<\/div>\n<\/div>\n<\/td>\n<td class=\"jet-table__cell elementor-repeater-item-9fc811f jet-table__body-cell\">\n<div class=\"jet-table__cell-inner\">\n<div class=\"jet-table__cell-content\">\n<div class=\"jet-table__cell-text\">25 kg Karton Kutu<\/div>\n<\/div>\n<\/div>\n<\/td>\n<\/tr>\n<\/tbody>\n<\/table>\n<\/div>\n<\/div>\n<\/div>\n<\/div>\n","protected":false},"featured_media":17052,"comment_status":"open","ping_status":"closed","template":"","meta":[],"pwb-brand":[],"product_brand":[],"product_cat":[2377,596],"product_tag":[621],"class_list":{"0":"post-17051","1":"product","2":"type-product","3":"status-publish","4":"has-post-thumbnail","6":"product_cat-demir-celik","7":"product_cat-insaat-malzemeleri","8":"product_tag-insaat-civisi","10":"first","11":"instock","12":"shipping-taxable","13":"product-type-simple"},"brands":[],"_links":{"self":[{"href":"https:\/\/hamsayapi.com\/index.php\/wp-json\/wp\/v2\/product\/17051","targetHints":{"allow":["GET"]}}],"collection":[{"href":"https:\/\/hamsayapi.com\/index.php\/wp-json\/wp\/v2\/product"}],"about":[{"href":"https:\/\/hamsayapi.com\/index.php\/wp-json\/wp\/v2\/types\/product"}],"replies":[{"embeddable":true,"href":"https:\/\/hamsayapi.com\/index.php\/wp-json\/wp\/v2\/comments?post=17051"}],"version-history":[{"count":2,"href":"https:\/\/hamsayapi.com\/index.php\/wp-json\/wp\/v2\/product\/17051\/revisions"}],"predecessor-version":[{"id":17054,"href":"https:\/\/hamsayapi.com\/index.php\/wp-json\/wp\/v2\/product\/17051\/revisions\/17054"}],"wp:featuredmedia":[{"embeddable":true,"href":"https:\/\/hamsayapi.com\/index.php\/wp-json\/wp\/v2\/media\/17052"}],"wp:attachment":[{"href":"https:\/\/hamsayapi.com\/index.php\/wp-json\/wp\/v2\/media?parent=17051"}],"wp:term":[{"taxonomy":"pwb-brand","embeddable":true,"href":"https:\/\/hamsayapi.com\/index.php\/wp-json\/wp\/v2\/pwb-brand?post=17051"},{"taxonomy":"product_brand","embeddable":true,"href":"https:\/\/hamsayapi.com\/index.php\/wp-json\/wp\/v2\/product_brand?post=17051"},{"taxonomy":"product_cat","embeddable":true,"href":"https:\/\/hamsayapi.com\/index.php\/wp-json\/wp\/v2\/product_cat?post=17051"},{"taxonomy":"product_tag","embeddable":true,"href":"https:\/\/hamsayapi.com\/index.php\/wp-json\/wp\/v2\/product_tag?post=17051"}],"curies":[{"name":"wp","href":"https:\/\/api.w.org\/{rel}","templated":true}]}}